{"id":3221,"date":"2020-08-20T09:04:07","date_gmt":"2020-08-20T09:04:07","guid":{"rendered":"https:\/\/tatamsport.com\/politica-de-cookies\/"},"modified":"2021-02-02T09:45:15","modified_gmt":"2021-02-02T09:45:15","slug":"politique-de-cookies","status":"publish","type":"page","link":"https:\/\/tatamsport.com\/fr\/politique-de-cookies\/","title":{"rendered":"Politique de cookies"},"content":{"rendered":"\t\t<div data-elementor-type=\"wp-page\" data-elementor-id=\"3221\" class=\"elementor elementor-3221 elementor-93\" data-elementor-post-type=\"page\">\n\t\t\t\t\t\t<section class=\"elementor-section elementor-top-section elementor-element elementor-element-1cf417b elementor-section-boxed elementor-section-height-default elementor-section-height-default parallax_section_no qode_elementor_container_no\" data-id=\"1cf417b\" data-element_type=\"section\">\n\t\t\t\t\t\t<div class=\"elementor-container elementor-column-gap-default\">\n\t\t\t\t\t<div class=\"elementor-column elementor-col-100 elementor-top-column elementor-element elementor-element-af02a9f\" data-id=\"af02a9f\" data-element_type=\"column\">\n\t\t\t<div class=\"elementor-widget-wrap elementor-element-populated\">\n\t\t\t\t\t\t<div class=\"elementor-element elementor-element-22e546e elementor-widget elementor-widget-spacer\" data-id=\"22e546e\" data-element_type=\"widget\" data-widget_type=\"spacer.default\">\n\t\t\t\t<div class=\"elementor-widget-container\">\n\t\t\t\t\t\t\t<div class=\"elementor-spacer\">\n\t\t\t<div class=\"elementor-spacer-inner\"><\/div>\n\t\t<\/div>\n\t\t\t\t\t\t<\/div>\n\t\t\t\t<\/div>\n\t\t\t\t<div class=\"elementor-element elementor-element-5956bdd elementor-widget elementor-widget-heading\" data-id=\"5956bdd\" data-element_type=\"widget\" data-widget_type=\"heading.default\">\n\t\t\t\t<div class=\"elementor-widget-container\">\n\t\t\t\t\t<h2 class=\"elementor-heading-title elementor-size-default\">Politique de cookies<\/h2>\t\t\t\t<\/div>\n\t\t\t\t<\/div>\n\t\t\t\t<div class=\"elementor-element elementor-element-d6e75b9 elementor-widget elementor-widget-text-editor\" data-id=\"d6e75b9\" data-element_type=\"widget\" data-widget_type=\"text-editor.default\">\n\t\t\t\t<div class=\"elementor-widget-container\">\n\t\t\t\t\t\t\t\t\t<p><span style=\"color: #f58c00;\"><strong>1.- CONTEXTE L\u00c9GAL.<\/strong><\/span><\/p><p>Conform\u00e9ment \u00e0 la r\u00e8glementation espagnole r\u00e9gissant l\u2019utilisation des cookies, nous vous fournissons les informations relatives aux cookies utilis\u00e9s sur ce site.<\/p><p>\u00a0<\/p><p><span style=\"color: #f58c00;\"><strong>2.- QU\u2019EST-CE QU\u2019UN COOKIE?<\/strong><\/span><\/p><p>Un cookie est un fichier qui s\u2019enregistre sur l\u2019ordinateur de l\u2019utilisateur lorsqu\u2019il acc\u00e8de \u00e0 certains sites internet. Les cookies permettent notamment de stocker et de r\u00e9cup\u00e9rer des informations sur les habitudes de navigation de l\u2019utilisateur, ou de personnaliser les caract\u00e9ristiques d\u2019affichage du contenu.<\/p><p><span style=\"color: #f58c00;\"><strong>\u00a0<\/strong><\/span><\/p><p><span style=\"color: #f58c00;\"><strong>3.- TYPES DE COOKIES.<\/strong><\/span><\/p><p>Les cookies peuvent \u00eatre class\u00e9s de la fa\u00e7on suivante :<\/p><p><strong>Selon l\u2019entit\u00e9 qui les g\u00e8re:<\/strong><\/p><p><strong>\u00a0<\/strong><\/p><ol><li><strong>Cookies internes:<\/strong> il s\u2019agit des cookies envoy\u00e9s au terminal de l\u2019utilisateur depuis un \u00e9quipement ou un domaine g\u00e9r\u00e9 par l\u2019\u00e9diteur lui-m\u00eame et depuis lequel est fourni le service demand\u00e9 par l\u2019utilisateur.<\/li><li><strong>Cookies de tiers:<\/strong> il s\u2019agit des cookies envoy\u00e9s au terminal de l\u2019utilisateur depuis un \u00e9quipement ou un domaine qui n\u2019est pas g\u00e9r\u00e9 par l\u2019\u00e9diteur, mais par une autre organisation traitant les donn\u00e9es obtenues au moyen des cookies.<\/li><\/ol><p><strong>Selon la finalit\u00e9:<\/strong><\/p><ol><li><strong>Cookies techniques:<\/strong> ils permettent \u00e0 l\u2019utilisateur de naviguer sur un site internet, une plateforme ou une application et d\u2019utiliser les diff\u00e9rentes options ou services y \u00e9tant propos\u00e9s. Il s\u2019agit notamment des cookies utilis\u00e9s par l\u2019\u00e9diteur pour permettre la gestion et le fonctionnement du site internet et activer ses fonctions et services.<\/li><li><strong>Cookies de pr\u00e9f\u00e9rences ou de personnalisation:<\/strong> ils permettent de garder en m\u00e9moire des informations afin que l\u2019utilisateur acc\u00e8de au service en b\u00e9n\u00e9ficiant de caract\u00e9ristiques sp\u00e9cifiques qui pourront diff\u00e9rencier son exp\u00e9rience de celle des autres utilisateurs.<\/li><li><strong>Cookies analytiques ou de mesure d\u2019audience:<\/strong> ces cookies permettent \u00e0 leur responsable de suivre et d\u2019analyser le comportement des utilisateurs des sites internet auxquels ils sont rattach\u00e9s.<\/li><li><strong>Cookies de publicit\u00e9 comportementale:<\/strong> ces cookies permettent la gestion la plus efficace possible des espaces publicitaires que, le cas \u00e9ch\u00e9ant, l\u2019\u00e9diteur a inclus sur une page web, une application ou une plateforme \u00e0 partir de laquelle il fournit le service demand\u00e9. Ces cookies stockent des informations relatives au comportement des utilisateurs, obtenues gr\u00e2ce \u00e0 l\u2019observation continue de leurs habitudes de navigation, afin de d\u00e9velopper un profil sp\u00e9cifique et d\u2019afficher la publicit\u00e9 en fonction dudit profil. Il est \u00e9galement possible que des cookies soient install\u00e9s dans votre navigateur lorsque vous consultez certaines pages web ou ouvrez certains e-mails contenant des annonces ou des promotions sur nos produits et services. Ces cookies nous permettent de vous proposer par la suite des publicit\u00e9s li\u00e9es \u00e0 la recherche que vous aurez effectu\u00e9e, mais \u00e9galement de d\u00e9velopper un contr\u00f4le de nos annonces \u00e0 propos, par exemple, du nombre de vues, de l\u2019endroit o\u00f9 elles apparaissent, de l\u2019heure \u00e0 laquelle elles sont visibles, etc.<\/li><\/ol><div>\u00a0<\/div><p><strong>Selon la dur\u00e9e durant laquelle ils restent actifs:<\/strong><\/p><p><strong>\u00a0<\/strong><\/p><ol><li><strong>Cookies de session:<\/strong> ils sont con\u00e7us pour collecter et stocker des donn\u00e9es lorsque l\u2019utilisateur consulte un site internet. Ils sont employ\u00e9s pour stocker des informations qu\u2019il sera utile de conserver uniquement pour la prestation du service demand\u00e9 par l\u2019utilisateur \u00e0 une seule occasion. Ils disparaissent au terme de la session.<\/li><li><strong>Cookies persistants:<\/strong> ces cookies permettent de stocker des donn\u00e9es dans le terminal, d\u2019y acc\u00e9der et de les traiter pendant une dur\u00e9e d\u00e9finie, qui peut aller de quelques minutes \u00e0 plusieurs ann\u00e9es.<\/li><\/ol><div>\u00a0<\/div><p><span style=\"color: #f58c00;\"><strong>4.-TYPES DE COOKIES UTILIS\u00c9S SUR CE SITE INTERNET<\/strong><\/span><\/p><p>Notre site internet utilise les cookies suivants:<\/p><p>\u00a0<\/p>\t\t\t\t\t\t\t\t<\/div>\n\t\t\t\t<\/div>\n\t\t\t\t<div class=\"elementor-element elementor-element-316be5c elementor-widget elementor-widget-text-editor\" data-id=\"316be5c\" data-element_type=\"widget\" data-widget_type=\"text-editor.default\">\n\t\t\t\t<div class=\"elementor-widget-container\">\n\t\t\t\t\t\t\t\t\t<p><strong>\u00a0<\/strong><\/p><table width=\"100%\"><tbody><tr><td style=\"text-align: center;\" width=\"80\"><strong>Nom<\/strong><\/td><td style=\"text-align: center;\" width=\"68\"><strong>Titulaire <\/strong><\/td><td style=\"text-align: center;\" width=\"113\"><strong>Type <\/strong><\/td><td style=\"text-align: center;\" width=\"104\"><strong>Dur\u00e9e de vie<\/strong><\/td><td style=\"text-align: center;\" width=\"226\"><strong>Finalit\u00e9<\/strong><\/td><td style=\"text-align: center;\" width=\"121\"><strong> Donn\u00e9es collect\u00e9es<\/strong><\/td><\/tr><tr><td width=\"80\">\u00a0<\/td><td width=\"68\">\u00a0<\/td><td width=\"113\">\u00a0<\/td><td width=\"104\">\u00a0<\/td><td width=\"226\">\u00a0<\/td><td width=\"121\">\u00a0<\/td><\/tr><tr><td width=\"80\">\u00a0<\/td><td width=\"68\">\u00a0<\/td><td width=\"113\">\u00a0<\/td><td width=\"104\">\u00a0<\/td><td width=\"226\">\u00a0<\/td><td width=\"121\">\u00a0<\/td><\/tr><tr><td width=\"80\">\u00a0<\/td><td width=\"68\">\u00a0<\/td><td width=\"113\">\u00a0<\/td><td width=\"104\">\u00a0<\/td><td width=\"226\">\u00a0<\/td><td width=\"121\">\u00a0<\/td><\/tr><tr><td width=\"80\">\u00a0<\/td><td width=\"68\">\u00a0<\/td><td width=\"113\">\u00a0<\/td><td width=\"104\">\u00a0<\/td><td width=\"226\">\u00a0<\/td><td width=\"121\">\u00a0<\/td><\/tr><\/tbody><\/table>\t\t\t\t\t\t\t\t<\/div>\n\t\t\t\t<\/div>\n\t\t\t\t<div class=\"elementor-element elementor-element-db82a01 elementor-widget elementor-widget-text-editor\" data-id=\"db82a01\" data-element_type=\"widget\" data-widget_type=\"text-editor.default\">\n\t\t\t\t<div class=\"elementor-widget-container\">\n\t\t\t\t\t\t\t\t\t<p><span style=\"color: #f58c00;\"><strong>5.- R\u00c9VOQUER ET \u00c9LIMINER DES COOKIES.<\/strong><\/span><\/p><p>La premi\u00e8re fois que vous consulterez notre site, vous pourrez accepter ou refuser l\u2019utilisation de tous nos cookies ou, si vous pr\u00e9f\u00e9rez, vous pourrez acc\u00e9der \u00e0 la configuration et accepter les cookies selon leur type, \u00e0 l\u2019exception des cookies techniques, qui ne sont pas soumis \u00e0 l\u2019obligation de recueillir le consentement de l\u2019utilisateur. Vous pourrez changer vos pr\u00e9f\u00e9rences \u00e0 tout moment en acc\u00e9dant \u00e0 notre panneau de configuration.<\/p><p>\u00a0<\/p><p>De plus, vous pouvez acc\u00e9der \u00e0 la configuration de votre navigateur pour restreindre, bloquer ou \u00e9liminer les cookies, en suivant l\u2019une des proc\u00e9dures suivantes, en fonction du navigateur utilis\u00e9:<\/p><p><strong>\u00a0<\/strong><\/p><p><strong>Google Chrome.<br \/><\/strong><a href=\"https:\/\/support.google.com\/chrome\/answer\/95647?hl=es\" target=\"_blank\" rel=\"noopener\">https:\/\/support.google.com\/chrome\/answer\/95647?hl=es<\/a><\/p><p><strong>\u00a0<\/strong><\/p><p><strong>Microsoft Internet Explorer.<br \/><\/strong><a href=\"http:\/\/windows.microsoft.com\/es-es\/internet-explorer\/delete-manage-cookies#ie=ie-9\" target=\"_blank\" rel=\"noopener\">http:\/\/windows.microsoft.com\/es-es\/internet-explorer\/delete-manage-cookies#ie=ie-9<\/a><\/p><p><strong>\u00a0<\/strong><\/p><p><strong>Firefox.<br \/><\/strong><a href=\"http:\/\/support.mozilla.org\/es\/kb\/habilitar-y-deshabilitar-cookies-que-los-sitios-we\" target=\"_blank\" rel=\"noopener\">http:\/\/support.mozilla.org\/es\/kb\/habilitar-y-deshabilitar-cookies-que-los-sitios-we<\/a><\/p><p><strong>\u00a0<\/strong><\/p><p><strong>Safari , iPad e iPhone.<br \/><\/strong><a href=\"http:\/\/www.apple.com\/es\/privacy\/use-of-cookies\/\" target=\"_blank\" rel=\"noopener\">http:\/\/www.apple.com\/es\/privacy\/use-of-cookies\/<\/a><\/p><p><strong>\u00a0<\/strong><\/p><p><strong>Opera.<\/strong><\/p><p><a href=\"http:\/\/help.opera.com\/Linux\/10.60\/es-ES\/cookies.html\" target=\"_blank\" rel=\"noopener\">http:\/\/help.opera.com\/Linux\/10.60\/es-ES\/cookies.html<\/a><\/p><p>\u00a0<\/p><p><span style=\"color: #f58c00;\"><strong>6.- TIERS PRESTATAIRES DE SERVICES.<\/strong><\/span><br \/>Les tiers prestataires nous fournissant un service pour lequel il est n\u00e9cessaire d\u2019utiliser des cookies sont les suivants:<\/p>\t\t\t\t\t\t\t\t<\/div>\n\t\t\t\t<\/div>\n\t\t\t\t<div class=\"elementor-element elementor-element-029f9ca elementor-widget elementor-widget-text-editor\" data-id=\"029f9ca\" data-element_type=\"widget\" data-widget_type=\"text-editor.default\">\n\t\t\t\t<div class=\"elementor-widget-container\">\n\t\t\t\t\t\t\t\t\t<table width=\"100%\"><tbody><tr><td style=\"text-align: center;\"><strong>Fournisseur<\/strong><\/td><td style=\"text-align: center;\"><strong>Finalit\u00e9 du service et du cookie<\/strong><\/td><td style=\"text-align: center;\"><strong>Informations relatives au fournisseur<\/strong><\/td><\/tr><tr><td>\u00a0<\/td><td>\u00a0<\/td><td>\u00a0<\/td><\/tr><\/tbody><\/table>\t\t\t\t\t\t\t\t<\/div>\n\t\t\t\t<\/div>\n\t\t\t\t<div class=\"elementor-element elementor-element-c5bac05 elementor-widget elementor-widget-spacer\" data-id=\"c5bac05\" data-element_type=\"widget\" data-widget_type=\"spacer.default\">\n\t\t\t\t<div class=\"elementor-widget-container\">\n\t\t\t\t\t\t\t<div class=\"elementor-spacer\">\n\t\t\t<div class=\"elementor-spacer-inner\"><\/div>\n\t\t<\/div>\n\t\t\t\t\t\t<\/div>\n\t\t\t\t<\/div>\n\t\t\t\t<div class=\"elementor-element elementor-element-c760efa elementor-widget elementor-widget-spacer\" data-id=\"c760efa\" data-element_type=\"widget\" data-widget_type=\"spacer.default\">\n\t\t\t\t<div class=\"elementor-widget-container\">\n\t\t\t\t\t\t\t<div class=\"elementor-spacer\">\n\t\t\t<div class=\"elementor-spacer-inner\"><\/div>\n\t\t<\/div>\n\t\t\t\t\t\t<\/div>\n\t\t\t\t<\/div>\n\t\t\t\t<div class=\"elementor-element elementor-element-115efc6 elementor-widget elementor-widget-spacer\" data-id=\"115efc6\" data-element_type=\"widget\" data-widget_type=\"spacer.default\">\n\t\t\t\t<div class=\"elementor-widget-container\">\n\t\t\t\t\t\t\t<div class=\"elementor-spacer\">\n\t\t\t<div class=\"elementor-spacer-inner\"><\/div>\n\t\t<\/div>\n\t\t\t\t\t\t<\/div>\n\t\t\t\t<\/div>\n\t\t\t\t<div class=\"elementor-element elementor-element-cb85693 elementor-widget elementor-widget-spacer\" data-id=\"cb85693\" data-element_type=\"widget\" data-widget_type=\"spacer.default\">\n\t\t\t\t<div class=\"elementor-widget-container\">\n\t\t\t\t\t\t\t<div class=\"elementor-spacer\">\n\t\t\t<div class=\"elementor-spacer-inner\"><\/div>\n\t\t<\/div>\n\t\t\t\t\t\t<\/div>\n\t\t\t\t<\/div>\n\t\t\t\t\t<\/div>\n\t\t<\/div>\n\t\t\t\t\t<\/div>\n\t\t<\/section>\n\t\t\t\t<\/div>\n\t\t","protected":false},"excerpt":{"rendered":"<p>Politique de cookies 1.- CONTEXTE L\u00c9GAL. Conform\u00e9ment \u00e0 la r\u00e8glementation espagnole r\u00e9gissant l\u2019utilisation des cookies, nous vous fournissons les informations relatives aux cookies utilis\u00e9s sur ce site. \u00a0 2.- QU\u2019EST-CE QU\u2019UN COOKIE? Un cookie est un fichier qui s\u2019enregistre sur l\u2019ordinateur de l\u2019utilisateur lorsqu\u2019il acc\u00e8de&#8230;<\/p>\n","protected":false},"author":1,"featured_media":0,"parent":0,"menu_order":0,"comment_status":"closed","ping_status":"closed","template":"","meta":{"footnotes":""},"class_list":["post-3221","page","type-page","status-publish","hentry"],"yoast_head":"<!-- This site is optimized with the Yoast SEO plugin v24.8.1 - https:\/\/yoast.com\/wordpress\/plugins\/seo\/ -->\n<title>Politique de cookies &#8212; Tatamsport<\/title>\n<meta name=\"robots\" content=\"index, follow, max-snippet:-1, max-image-preview:large, max-video-preview:-1\" \/>\n<link rel=\"canonical\" href=\"https:\/\/tatamsport.com\/politica-de-cookies\/\" \/>\n<meta property=\"og:locale\" content=\"fr_FR\" \/>\n<meta property=\"og:type\" content=\"article\" \/>\n<meta property=\"og:title\" content=\"Politique de cookies &#8212; Tatamsport\" \/>\n<meta property=\"og:description\" content=\"Politique de cookies 1.- CONTEXTE L\u00c9GAL. Conform\u00e9ment \u00e0 la r\u00e8glementation espagnole r\u00e9gissant l\u2019utilisation des cookies, nous vous fournissons les informations relatives aux cookies utilis\u00e9s sur ce site. \u00a0 2.- QU\u2019EST-CE QU\u2019UN COOKIE? Un cookie est un fichier qui s\u2019enregistre sur l\u2019ordinateur de l\u2019utilisateur lorsqu\u2019il acc\u00e8de...\" \/>\n<meta property=\"og:url\" content=\"https:\/\/tatamsport.com\/politica-de-cookies\/\" \/>\n<meta property=\"og:site_name\" content=\"Tatamsport\" \/>\n<meta property=\"article:modified_time\" content=\"2021-02-02T09:45:15+00:00\" \/>\n<meta name=\"twitter:card\" content=\"summary_large_image\" \/>\n<meta name=\"twitter:label1\" content=\"Dur\u00e9e de lecture estim\u00e9e\" \/>\n\t<meta name=\"twitter:data1\" content=\"4 minutes\" \/>\n<script type=\"application\/ld+json\" class=\"yoast-schema-graph\">{\"@context\":\"https:\/\/schema.org\",\"@graph\":[{\"@type\":\"WebPage\",\"@id\":\"https:\/\/tatamsport.com\/politica-de-cookies\/\",\"url\":\"https:\/\/tatamsport.com\/politica-de-cookies\/\",\"name\":\"Politique de cookies &#8212; Tatamsport\",\"isPartOf\":{\"@id\":\"https:\/\/tatamsport.com\/#website\"},\"datePublished\":\"2020-08-20T09:04:07+00:00\",\"dateModified\":\"2021-02-02T09:45:15+00:00\",\"breadcrumb\":{\"@id\":\"https:\/\/tatamsport.com\/politica-de-cookies\/#breadcrumb\"},\"inLanguage\":\"fr-FR\",\"potentialAction\":[{\"@type\":\"ReadAction\",\"target\":[\"https:\/\/tatamsport.com\/politica-de-cookies\/\"]}]},{\"@type\":\"BreadcrumbList\",\"@id\":\"https:\/\/tatamsport.com\/politica-de-cookies\/#breadcrumb\",\"itemListElement\":[{\"@type\":\"ListItem\",\"position\":1,\"name\":\"Inicio\",\"item\":\"https:\/\/tatamsport.com\/fr\/\"},{\"@type\":\"ListItem\",\"position\":2,\"name\":\"Politique de cookies\"}]},{\"@type\":\"WebSite\",\"@id\":\"https:\/\/tatamsport.com\/#website\",\"url\":\"https:\/\/tatamsport.com\/\",\"name\":\"Tatamsport\",\"description\":\"Tu aliado en equipamiento deportivo\",\"publisher\":{\"@id\":\"https:\/\/tatamsport.com\/#organization\"},\"potentialAction\":[{\"@type\":\"SearchAction\",\"target\":{\"@type\":\"EntryPoint\",\"urlTemplate\":\"https:\/\/tatamsport.com\/?s={search_term_string}\"},\"query-input\":{\"@type\":\"PropertyValueSpecification\",\"valueRequired\":true,\"valueName\":\"search_term_string\"}}],\"inLanguage\":\"fr-FR\"},{\"@type\":\"Organization\",\"@id\":\"https:\/\/tatamsport.com\/#organization\",\"name\":\"TatamSport\",\"url\":\"https:\/\/tatamsport.com\/\",\"logo\":{\"@type\":\"ImageObject\",\"inLanguage\":\"fr-FR\",\"@id\":\"https:\/\/tatamsport.com\/#\/schema\/logo\/image\/\",\"url\":\"https:\/\/tatamsport.com\/wp-content\/uploads\/2021\/01\/logo-en-tatam.png\",\"contentUrl\":\"https:\/\/tatamsport.com\/wp-content\/uploads\/2021\/01\/logo-en-tatam.png\",\"width\":264,\"height\":62,\"caption\":\"TatamSport\"},\"image\":{\"@id\":\"https:\/\/tatamsport.com\/#\/schema\/logo\/image\/\"}}]}<\/script>\n<!-- \/ Yoast SEO plugin. -->","yoast_head_json":{"title":"Politique de cookies &#8212; Tatamsport","robots":{"index":"index","follow":"follow","max-snippet":"max-snippet:-1","max-image-preview":"max-image-preview:large","max-video-preview":"max-video-preview:-1"},"canonical":"https:\/\/tatamsport.com\/politica-de-cookies\/","og_locale":"fr_FR","og_type":"article","og_title":"Politique de cookies &#8212; Tatamsport","og_description":"Politique de cookies 1.- CONTEXTE L\u00c9GAL. Conform\u00e9ment \u00e0 la r\u00e8glementation espagnole r\u00e9gissant l\u2019utilisation des cookies, nous vous fournissons les informations relatives aux cookies utilis\u00e9s sur ce site. \u00a0 2.- QU\u2019EST-CE QU\u2019UN COOKIE? Un cookie est un fichier qui s\u2019enregistre sur l\u2019ordinateur de l\u2019utilisateur lorsqu\u2019il acc\u00e8de...","og_url":"https:\/\/tatamsport.com\/politica-de-cookies\/","og_site_name":"Tatamsport","article_modified_time":"2021-02-02T09:45:15+00:00","twitter_card":"summary_large_image","twitter_misc":{"Dur\u00e9e de lecture estim\u00e9e":"4 minutes"},"schema":{"@context":"https:\/\/schema.org","@graph":[{"@type":"WebPage","@id":"https:\/\/tatamsport.com\/politica-de-cookies\/","url":"https:\/\/tatamsport.com\/politica-de-cookies\/","name":"Politique de cookies &#8212; Tatamsport","isPartOf":{"@id":"https:\/\/tatamsport.com\/#website"},"datePublished":"2020-08-20T09:04:07+00:00","dateModified":"2021-02-02T09:45:15+00:00","breadcrumb":{"@id":"https:\/\/tatamsport.com\/politica-de-cookies\/#breadcrumb"},"inLanguage":"fr-FR","potentialAction":[{"@type":"ReadAction","target":["https:\/\/tatamsport.com\/politica-de-cookies\/"]}]},{"@type":"BreadcrumbList","@id":"https:\/\/tatamsport.com\/politica-de-cookies\/#breadcrumb","itemListElement":[{"@type":"ListItem","position":1,"name":"Inicio","item":"https:\/\/tatamsport.com\/fr\/"},{"@type":"ListItem","position":2,"name":"Politique de cookies"}]},{"@type":"WebSite","@id":"https:\/\/tatamsport.com\/#website","url":"https:\/\/tatamsport.com\/","name":"Tatamsport","description":"Tu aliado en equipamiento deportivo","publisher":{"@id":"https:\/\/tatamsport.com\/#organization"},"potentialAction":[{"@type":"SearchAction","target":{"@type":"EntryPoint","urlTemplate":"https:\/\/tatamsport.com\/?s={search_term_string}"},"query-input":{"@type":"PropertyValueSpecification","valueRequired":true,"valueName":"search_term_string"}}],"inLanguage":"fr-FR"},{"@type":"Organization","@id":"https:\/\/tatamsport.com\/#organization","name":"TatamSport","url":"https:\/\/tatamsport.com\/","logo":{"@type":"ImageObject","inLanguage":"fr-FR","@id":"https:\/\/tatamsport.com\/#\/schema\/logo\/image\/","url":"https:\/\/tatamsport.com\/wp-content\/uploads\/2021\/01\/logo-en-tatam.png","contentUrl":"https:\/\/tatamsport.com\/wp-content\/uploads\/2021\/01\/logo-en-tatam.png","width":264,"height":62,"caption":"TatamSport"},"image":{"@id":"https:\/\/tatamsport.com\/#\/schema\/logo\/image\/"}}]}},"jetpack_sharing_enabled":true,"_links":{"self":[{"href":"https:\/\/tatamsport.com\/fr\/wp-json\/wp\/v2\/pages\/3221","targetHints":{"allow":["GET"]}}],"collection":[{"href":"https:\/\/tatamsport.com\/fr\/wp-json\/wp\/v2\/pages"}],"about":[{"href":"https:\/\/tatamsport.com\/fr\/wp-json\/wp\/v2\/types\/page"}],"author":[{"embeddable":true,"href":"https:\/\/tatamsport.com\/fr\/wp-json\/wp\/v2\/users\/1"}],"replies":[{"embeddable":true,"href":"https:\/\/tatamsport.com\/fr\/wp-json\/wp\/v2\/comments?post=3221"}],"version-history":[{"count":3,"href":"https:\/\/tatamsport.com\/fr\/wp-json\/wp\/v2\/pages\/3221\/revisions"}],"predecessor-version":[{"id":3332,"href":"https:\/\/tatamsport.com\/fr\/wp-json\/wp\/v2\/pages\/3221\/revisions\/3332"}],"wp:attachment":[{"href":"https:\/\/tatamsport.com\/fr\/wp-json\/wp\/v2\/media?parent=3221"}],"curies":[{"name":"wp","href":"https:\/\/api.w.org\/{rel}","templated":true}]}}