{"id":3212,"date":"2020-08-20T09:01:03","date_gmt":"2020-08-20T09:01:03","guid":{"rendered":"https:\/\/tatamsport.com\/aviso-legal\/"},"modified":"2021-02-02T09:54:59","modified_gmt":"2021-02-02T09:54:59","slug":"mentions-legales","status":"publish","type":"page","link":"https:\/\/tatamsport.com\/fr\/mentions-legales\/","title":{"rendered":"Mentions l\u00e9gales"},"content":{"rendered":"\t\t<div data-elementor-type=\"wp-page\" data-elementor-id=\"3212\" class=\"elementor elementor-3212 elementor-86\" data-elementor-post-type=\"page\">\n\t\t\t\t\t\t<section class=\"elementor-section elementor-top-section elementor-element elementor-element-fd88ffd elementor-section-boxed elementor-section-height-default elementor-section-height-default parallax_section_no qode_elementor_container_no\" data-id=\"fd88ffd\" data-element_type=\"section\">\n\t\t\t\t\t\t<div class=\"elementor-container elementor-column-gap-default\">\n\t\t\t\t\t<div class=\"elementor-column elementor-col-100 elementor-top-column elementor-element elementor-element-25d051c\" data-id=\"25d051c\" data-element_type=\"column\">\n\t\t\t<div class=\"elementor-widget-wrap elementor-element-populated\">\n\t\t\t\t\t\t<div class=\"elementor-element elementor-element-51ebf11 elementor-widget elementor-widget-spacer\" data-id=\"51ebf11\" data-element_type=\"widget\" data-widget_type=\"spacer.default\">\n\t\t\t\t<div class=\"elementor-widget-container\">\n\t\t\t\t\t\t\t<div class=\"elementor-spacer\">\n\t\t\t<div class=\"elementor-spacer-inner\"><\/div>\n\t\t<\/div>\n\t\t\t\t\t\t<\/div>\n\t\t\t\t<\/div>\n\t\t\t\t<div class=\"elementor-element elementor-element-918159c elementor-widget elementor-widget-heading\" data-id=\"918159c\" data-element_type=\"widget\" data-widget_type=\"heading.default\">\n\t\t\t\t<div class=\"elementor-widget-container\">\n\t\t\t\t\t<h2 class=\"elementor-heading-title elementor-size-default\">MENTIONS L\u00c9GALES<\/h2>\t\t\t\t<\/div>\n\t\t\t\t<\/div>\n\t\t\t\t<div class=\"elementor-element elementor-element-70370d54 elementor-widget elementor-widget-text-editor\" data-id=\"70370d54\" data-element_type=\"widget\" data-widget_type=\"text-editor.default\">\n\t\t\t\t<div class=\"elementor-widget-container\">\n\t\t\t\t\t\t\t\t\t<p>Conform\u00e9ment aux dispositions de l\u2019article 10 de la loi 34\/2002 du 11 juillet sur les services de la soci\u00e9t\u00e9 de l\u2019information et du commerce \u00e9lectronique (ci-apr\u00e8s LSSICE), nous fournissons les informations suivantes:<\/p>\n<p>Le site www.tatamsport.com est la propri\u00e9t\u00e9 de:<\/p>\n<p><strong>&nbsp;<\/strong><\/p>\n<p><strong>D\u00e9nomination sociale: <\/strong><strong>TOLDOS SERRANO S.L.<\/strong><br><strong>Code d\u2019identification fiscale (CIF):<\/strong> B50055508<br><strong>Si\u00e8ge social:<\/strong> Carretera Cogullada, 40, 50014 de Zaragoza (ZARAGOZA)<br><strong>T\u00e9l\u00e9phone:<\/strong> 976472222<br><strong>Email:<\/strong> <a href=\"mailto:contabilidad@toldosserrano.com\">contabilidad@toldosserrano.com<\/a><br><strong>Donn\u00e9es d\u2019inscription:<\/strong> Inscrita en el Registro Mercantil de Zaragoza, al Tomo 358, Gral. 230, Sec. 3\u00aa, Folio 141, Hoja 5.268<\/p><p><br><\/p>\n<p>Les pr\u00e9sentes mentions l\u00e9gales sont r\u00e9dig\u00e9es en espagnol et traduites ici en fran\u00e7ais.<\/p><p><br><\/p>\n<h4><span style=\"color: #f58c00;\">Vos donn\u00e9es.<\/span><\/h4>\n<p>Les informations ou donn\u00e9es personnelles fournies par l\u2019utilisateur seront trait\u00e9es conform\u00e9ment aux dispositions \u00e9tablies dans les politiques de protection des donn\u00e9es. L\u2019utilisateur d\u00e9clare que toutes les informations ou donn\u00e9es fournies sont exactes et correspondent \u00e0 la r\u00e9alit\u00e9.<\/p><p><br><\/p>\n<h4><span style=\"color: #f58c00;\"><strong>Confidentialit\u00e9\/protection des donn\u00e9es personnelles.<\/strong><\/span><\/h4>\n<p><strong>TOLDOS SERRANO S.L.<\/strong> respecte, \u00e0 tout moment, les instructions du r\u00e8glement g\u00e9n\u00e9ral sur la protection des donn\u00e9es (RGPD [UE] 2016\/679) ainsi que les autres normes en vigueur, et veille \u00e0 garantir une utilisation et un traitement adapt\u00e9s des donn\u00e9es personnelles de l\u2019utilisateur.<\/p>\n<p>Pour ce faire, pour chaque formulaire de collecte de donn\u00e9es \u00e0 caract\u00e8re personnel, l\u2019utilisateur sera toujours inform\u00e9 de l\u2019existence et de l\u2019acceptation des conditions particuli\u00e8res du traitement de ses donn\u00e9es en lui fournissant les renseignements suivants: identit\u00e9 et adresse du responsable du traitement, possibilit\u00e9 d\u2019exercer ses droits d\u2019acc\u00e8s, de rectification, d\u2019effacement, d\u2019opposition, de limitation et de portabilit\u00e9, finalit\u00e9 du traitement et, le cas \u00e9ch\u00e9ant, transmissions de donn\u00e9es \u00e0 des tiers.<\/p><p><br><\/p>\n<p><strong>TOLDOS SERRANO S.L.<\/strong>, soci\u00e9t\u00e9 ayant cr\u00e9\u00e9 le site internet, informe \u00e9galement les utilisateurs qu\u2019elle applique les dispositions de la loi 34\/2002 du 11 juillet sur les services de la soci\u00e9t\u00e9 de l\u2019information et du commerce \u00e9lectronique et sollicitera toujours leur consentement pour le traitement de leur adresse e-mail \u00e0 des fins commerciales.<\/p><p><br><\/p>\n<h4><span style=\"color: #f58c00;\"><strong>Personnes mineures.<\/strong><\/span><\/h4>\n<p>Les contenus du site internet s\u2019adressent \u00e0 des personnes majeures. <strong>TOLDOS SERRANO S.L.<\/strong> n\u2019entend pas obtenir de donn\u00e9es de personnes mineures. Dans le cas o\u00f9 la soci\u00e9t\u00e9 <strong>TOLDOS SERRANO S.L.<\/strong> aurait connaissance de l\u2019existence, dans ses fichiers, de donn\u00e9es \u00e0 caract\u00e8re personnel concernant une personne mineure, elle proc\u00e9dera imm\u00e9diatement \u00e0 l\u2019\u00e9limination de ces donn\u00e9es.<\/p><p><br><\/p>\n<h4><span style=\"color: #f58c00;\"><strong>Obligations de l\u2019utilisateur.<\/strong><\/span><\/h4>\n<p>L\u2019utilisateur devra toujours respecter les modalit\u00e9s et conditions \u00e9tablies sur le site internet.<\/p>\n<p>L\u2019utilisateur fera un usage appropri\u00e9 du site internet en assumant toute responsabilit\u00e9 engag\u00e9e en raison du non-respect des modalit\u00e9s et conditions du site.<\/p><p><br><\/p>\n<p>L\u2019utilisateur ne pourra pas utiliser le site internet pour transmettre, stocker, publier, promouvoir ou diffuser des donn\u00e9es ou des contenus \u00e9tant porteurs de virus, ou tout autre code informatique, fichier ou programme con\u00e7u pour interrompre, emp\u00eacher d\u00e9finitivement ou endommager le fonctionnement de tout programme ou \u00e9quipement informatique ou de t\u00e9l\u00e9communications.<\/p><p><br><\/p>\n<h4><span style=\"color: #f58c00;\"><strong>Propri\u00e9t\u00e9 industrielle et intellectuelle<\/strong><\/span><\/h4>\n<p><strong>TOLDOS SERRANO S.L.<\/strong> est propri\u00e9taire, d\u2019origine ou par transmission, de tous les droits de propri\u00e9t\u00e9 intellectuelle et industrielle de son site internet ainsi que des \u00e9l\u00e9ments y \u00e9tant contenus (\u00e0 titre indicatif: images, sons, audios, vid\u00e9os, logiciels ou textes, marques ou logos, combinaisons de couleurs, structure et design, choix des mat\u00e9riaux utilis\u00e9s, programmes informatiques n\u00e9cessaires \u00e0 son fonctionnement, acc\u00e8s et utilisation, etc.).<\/p><p><br><\/p>\n<p>Conform\u00e9ment aux dispositions des articles 8 et 32.1, deuxi\u00e8me paragraphe, de la loi sur la propri\u00e9t\u00e9 intellectuelle, il est express\u00e9ment interdit de proc\u00e9der, sans l\u2019autorisation de <strong>TOLDOS SERRANO S.L.<\/strong>, \u00e0 la reproduction, \u00e0 la diffusion et \u00e0 la communication publique, y compris \u00e0 la mise \u00e0 disposition, de tout ou partie des contenus de ce site internet, \u00e0 des fins commerciales, quel que soit le support ou le moyen technique. Tous droits r\u00e9serv\u00e9s.<\/p><p><br><\/p>\n<p>L\u2019utilisateur s\u2019engage \u00e0 respecter les droits de propri\u00e9t\u00e9 intellectuelle et industrielle d\u00e9tenus par <strong>TOLDOS SERRANO S.L.<\/strong> Il pourra consulter les \u00e9l\u00e9ments du site, y compris les imprimer, les copier ou les stocker sur le disque dur de son ordinateur ou sur tout autre support physique, \u00e0 condition que ces actions soient uniquement et exclusivement destin\u00e9es \u00e0 un usage personnel et priv\u00e9. L\u2019utilisateur devra s\u2019abstenir de supprimer, modifier, contourner ou manipuler tout dispositif de protection ou syst\u00e8me de s\u00e9curit\u00e9 install\u00e9 sur les pages web de <strong>TOLDOS SERRANO S.L.<\/strong><\/p><p><strong><br><\/strong><\/p>\n<h4><span style=\"color: #f58c00;\"><strong>Droit d\u2019exclusion.<\/strong><\/span><\/h4>\n<p><strong>TOLDOS SERRANO S.L.<\/strong> se r\u00e9serve le droit de refuser ou de retirer l\u2019acc\u00e8s au site et\/ou aux services offerts, sans obligation de pr\u00e9avis, sur sa propre initiative ou celle d\u2019un tiers, aux utilisateurs qui ne respectent pas les conditions d\u2019utilisation du site.<\/p><p><br><\/p>\n<p><strong>TOLDOS SERRANO S.L.<\/strong> engagera des poursuites en cas de non-respect des conditions d\u2019utilisation du site, ainsi que pour toute utilisation inappropri\u00e9e de son site, en exer\u00e7ant toutes les actions civiles et p\u00e9nales qui lui correspondent de droit.<\/p><p><br><\/p>\n<h4><span style=\"color: #f58c00;\"><strong>Modifications et liens.<\/strong><\/span><\/h4>\n<p>La soci\u00e9t\u00e9 <strong>TOLDOS SERRANO S.L.<\/strong> se r\u00e9serve le droit de r\u00e9aliser, sans pr\u00e9avis, les modifications qu\u2019elle estime opportunes sur son site et peut proc\u00e9der \u00e0 des changements, des suppressions ou des ajouts dans les contenus et les services fournis ainsi que dans leur pr\u00e9sentation ou organisation, et \u00e9galement dans les conditions g\u00e9n\u00e9rales d\u2019utilisation \u00e9tablies ici.<\/p><p><br><\/p>\n<p><strong>TOLDOS SERRANO S.L.<\/strong> ne pourra \u00eatre tenue responsable de l\u2019usage inappropri\u00e9 des contenus de son site internet, le seul responsable \u00e9tant alors la personne ayant acc\u00e9d\u00e9 \u00e0 ces contenus ou les ayant utilis\u00e9s.<\/p><p><br><\/p>\n<p>Dans le cas o\u00f9 des r\u00e9f\u00e9rences ou des liens hypertextes vers d\u2019autres sites internet seraient mis \u00e0 disposition sur www.toldosserrano.com, <strong>TOLDOS SERRANO S.L.<\/strong>, entit\u00e9 ayant cr\u00e9\u00e9 le site internet, n\u2019exercera aucun type de contr\u00f4le sur lesdits sites ou contenus. <strong>TOLDOS SERRANO S.L.<\/strong>, entit\u00e9 ayant cr\u00e9\u00e9 le site internet, n\u2019assumera aucune responsabilit\u00e9 en lien avec les contenus de liens appartenant \u00e0 des sites internet externes. De m\u00eame, elle ne garantira pas la disponibilit\u00e9 technique, la qualit\u00e9, la fiabilit\u00e9, l\u2019exactitude, l\u2019\u00e9tendue, la v\u00e9racit\u00e9, la validit\u00e9 ni la constitutionnalit\u00e9 des informations ou du mat\u00e9riel contenus dans ces liens hypertextes ou sur ces sites internet. L\u2019insertion de ces connexions externes n\u2019impliquera aucun type d\u2019association, de fusion ou de participation avec les entit\u00e9s connect\u00e9es.<\/p><p><br><\/p>\n<h4><span style=\"color: #f58c00;\"><strong>Loi applicable et juridiction comp\u00e9tente.<\/strong><\/span><\/h4>\n<p>Les conditions d\u2019utilisation du site internet contenues dans ces mentions l\u00e9gales ainsi que les relations entre l\u2019utilisateur et <strong>TOLDOS SERRANO S.L.<\/strong> seront r\u00e9gies et interpr\u00e9t\u00e9es conform\u00e9ment \u00e0 la l\u00e9gislation espagnole. Pour le r\u00e8glement de tout conflit pouvant intervenir, l\u2019utilisateur et <strong>TOLDOS SERRANO S.L.<\/strong> se soumettent express\u00e9ment \u00e0 la comp\u00e9tence et \u00e0 la juridiction des tribunaux et cours de Saragosse (Espagne) et renoncent express\u00e9ment \u00e0 tout autre droit pouvant leur correspondre.<\/p>\t\t\t\t\t\t\t\t<\/div>\n\t\t\t\t<\/div>\n\t\t\t\t<div class=\"elementor-element elementor-element-ee5d6c2 elementor-widget elementor-widget-spacer\" data-id=\"ee5d6c2\" data-element_type=\"widget\" data-widget_type=\"spacer.default\">\n\t\t\t\t<div class=\"elementor-widget-container\">\n\t\t\t\t\t\t\t<div class=\"elementor-spacer\">\n\t\t\t<div class=\"elementor-spacer-inner\"><\/div>\n\t\t<\/div>\n\t\t\t\t\t\t<\/div>\n\t\t\t\t<\/div>\n\t\t\t\t\t<\/div>\n\t\t<\/div>\n\t\t\t\t\t<\/div>\n\t\t<\/section>\n\t\t\t\t<\/div>\n\t\t","protected":false},"excerpt":{"rendered":"<p>MENTIONS L\u00c9GALES Conform\u00e9ment aux dispositions de l\u2019article 10 de la loi 34\/2002 du 11 juillet sur les services de la soci\u00e9t\u00e9 de l\u2019information et du commerce \u00e9lectronique (ci-apr\u00e8s LSSICE), nous fournissons les informations suivantes: Le site www.tatamsport.com est la propri\u00e9t\u00e9 de: &nbsp; D\u00e9nomination sociale: TOLDOS&#8230;<\/p>\n","protected":false},"author":1,"featured_media":0,"parent":0,"menu_order":99,"comment_status":"closed","ping_status":"closed","template":"","meta":{"footnotes":""},"class_list":["post-3212","page","type-page","status-publish","hentry"],"yoast_head":"<!-- This site is optimized with the Yoast SEO plugin v24.8.1 - https:\/\/yoast.com\/wordpress\/plugins\/seo\/ -->\n<title>Mentions l\u00e9gales &#8212; Tatamsport<\/title>\n<meta name=\"robots\" content=\"index, follow, max-snippet:-1, max-image-preview:large, max-video-preview:-1\" \/>\n<link rel=\"canonical\" href=\"https:\/\/tatamsport.com\/aviso-legal\/\" \/>\n<meta property=\"og:locale\" content=\"fr_FR\" \/>\n<meta property=\"og:type\" content=\"article\" \/>\n<meta property=\"og:title\" content=\"Mentions l\u00e9gales &#8212; Tatamsport\" \/>\n<meta property=\"og:description\" content=\"MENTIONS L\u00c9GALES Conform\u00e9ment aux dispositions de l\u2019article 10 de la loi 34\/2002 du 11 juillet sur les services de la soci\u00e9t\u00e9 de l\u2019information et du commerce \u00e9lectronique (ci-apr\u00e8s LSSICE), nous fournissons les informations suivantes: Le site www.tatamsport.com est la propri\u00e9t\u00e9 de: &nbsp; D\u00e9nomination sociale: TOLDOS...\" \/>\n<meta property=\"og:url\" content=\"https:\/\/tatamsport.com\/aviso-legal\/\" \/>\n<meta property=\"og:site_name\" content=\"Tatamsport\" \/>\n<meta property=\"article:modified_time\" content=\"2021-02-02T09:54:59+00:00\" \/>\n<meta name=\"twitter:card\" content=\"summary_large_image\" \/>\n<meta name=\"twitter:label1\" content=\"Dur\u00e9e de lecture estim\u00e9e\" \/>\n\t<meta name=\"twitter:data1\" content=\"6 minutes\" \/>\n<script type=\"application\/ld+json\" class=\"yoast-schema-graph\">{\"@context\":\"https:\/\/schema.org\",\"@graph\":[{\"@type\":\"WebPage\",\"@id\":\"https:\/\/tatamsport.com\/aviso-legal\/\",\"url\":\"https:\/\/tatamsport.com\/aviso-legal\/\",\"name\":\"Mentions l\u00e9gales &#8212; Tatamsport\",\"isPartOf\":{\"@id\":\"https:\/\/tatamsport.com\/#website\"},\"datePublished\":\"2020-08-20T09:01:03+00:00\",\"dateModified\":\"2021-02-02T09:54:59+00:00\",\"breadcrumb\":{\"@id\":\"https:\/\/tatamsport.com\/aviso-legal\/#breadcrumb\"},\"inLanguage\":\"fr-FR\",\"potentialAction\":[{\"@type\":\"ReadAction\",\"target\":[\"https:\/\/tatamsport.com\/aviso-legal\/\"]}]},{\"@type\":\"BreadcrumbList\",\"@id\":\"https:\/\/tatamsport.com\/aviso-legal\/#breadcrumb\",\"itemListElement\":[{\"@type\":\"ListItem\",\"position\":1,\"name\":\"Inicio\",\"item\":\"https:\/\/tatamsport.com\/fr\/\"},{\"@type\":\"ListItem\",\"position\":2,\"name\":\"Mentions l\u00e9gales\"}]},{\"@type\":\"WebSite\",\"@id\":\"https:\/\/tatamsport.com\/#website\",\"url\":\"https:\/\/tatamsport.com\/\",\"name\":\"Tatamsport\",\"description\":\"Tu aliado en equipamiento deportivo\",\"publisher\":{\"@id\":\"https:\/\/tatamsport.com\/#organization\"},\"potentialAction\":[{\"@type\":\"SearchAction\",\"target\":{\"@type\":\"EntryPoint\",\"urlTemplate\":\"https:\/\/tatamsport.com\/?s={search_term_string}\"},\"query-input\":{\"@type\":\"PropertyValueSpecification\",\"valueRequired\":true,\"valueName\":\"search_term_string\"}}],\"inLanguage\":\"fr-FR\"},{\"@type\":\"Organization\",\"@id\":\"https:\/\/tatamsport.com\/#organization\",\"name\":\"TatamSport\",\"url\":\"https:\/\/tatamsport.com\/\",\"logo\":{\"@type\":\"ImageObject\",\"inLanguage\":\"fr-FR\",\"@id\":\"https:\/\/tatamsport.com\/#\/schema\/logo\/image\/\",\"url\":\"https:\/\/tatamsport.com\/wp-content\/uploads\/2021\/01\/logo-en-tatam.png\",\"contentUrl\":\"https:\/\/tatamsport.com\/wp-content\/uploads\/2021\/01\/logo-en-tatam.png\",\"width\":264,\"height\":62,\"caption\":\"TatamSport\"},\"image\":{\"@id\":\"https:\/\/tatamsport.com\/#\/schema\/logo\/image\/\"}}]}<\/script>\n<!-- \/ Yoast SEO plugin. -->","yoast_head_json":{"title":"Mentions l\u00e9gales &#8212; Tatamsport","robots":{"index":"index","follow":"follow","max-snippet":"max-snippet:-1","max-image-preview":"max-image-preview:large","max-video-preview":"max-video-preview:-1"},"canonical":"https:\/\/tatamsport.com\/aviso-legal\/","og_locale":"fr_FR","og_type":"article","og_title":"Mentions l\u00e9gales &#8212; Tatamsport","og_description":"MENTIONS L\u00c9GALES Conform\u00e9ment aux dispositions de l\u2019article 10 de la loi 34\/2002 du 11 juillet sur les services de la soci\u00e9t\u00e9 de l\u2019information et du commerce \u00e9lectronique (ci-apr\u00e8s LSSICE), nous fournissons les informations suivantes: Le site www.tatamsport.com est la propri\u00e9t\u00e9 de: &nbsp; D\u00e9nomination sociale: TOLDOS...","og_url":"https:\/\/tatamsport.com\/aviso-legal\/","og_site_name":"Tatamsport","article_modified_time":"2021-02-02T09:54:59+00:00","twitter_card":"summary_large_image","twitter_misc":{"Dur\u00e9e de lecture estim\u00e9e":"6 minutes"},"schema":{"@context":"https:\/\/schema.org","@graph":[{"@type":"WebPage","@id":"https:\/\/tatamsport.com\/aviso-legal\/","url":"https:\/\/tatamsport.com\/aviso-legal\/","name":"Mentions l\u00e9gales &#8212; Tatamsport","isPartOf":{"@id":"https:\/\/tatamsport.com\/#website"},"datePublished":"2020-08-20T09:01:03+00:00","dateModified":"2021-02-02T09:54:59+00:00","breadcrumb":{"@id":"https:\/\/tatamsport.com\/aviso-legal\/#breadcrumb"},"inLanguage":"fr-FR","potentialAction":[{"@type":"ReadAction","target":["https:\/\/tatamsport.com\/aviso-legal\/"]}]},{"@type":"BreadcrumbList","@id":"https:\/\/tatamsport.com\/aviso-legal\/#breadcrumb","itemListElement":[{"@type":"ListItem","position":1,"name":"Inicio","item":"https:\/\/tatamsport.com\/fr\/"},{"@type":"ListItem","position":2,"name":"Mentions l\u00e9gales"}]},{"@type":"WebSite","@id":"https:\/\/tatamsport.com\/#website","url":"https:\/\/tatamsport.com\/","name":"Tatamsport","description":"Tu aliado en equipamiento deportivo","publisher":{"@id":"https:\/\/tatamsport.com\/#organization"},"potentialAction":[{"@type":"SearchAction","target":{"@type":"EntryPoint","urlTemplate":"https:\/\/tatamsport.com\/?s={search_term_string}"},"query-input":{"@type":"PropertyValueSpecification","valueRequired":true,"valueName":"search_term_string"}}],"inLanguage":"fr-FR"},{"@type":"Organization","@id":"https:\/\/tatamsport.com\/#organization","name":"TatamSport","url":"https:\/\/tatamsport.com\/","logo":{"@type":"ImageObject","inLanguage":"fr-FR","@id":"https:\/\/tatamsport.com\/#\/schema\/logo\/image\/","url":"https:\/\/tatamsport.com\/wp-content\/uploads\/2021\/01\/logo-en-tatam.png","contentUrl":"https:\/\/tatamsport.com\/wp-content\/uploads\/2021\/01\/logo-en-tatam.png","width":264,"height":62,"caption":"TatamSport"},"image":{"@id":"https:\/\/tatamsport.com\/#\/schema\/logo\/image\/"}}]}},"jetpack_sharing_enabled":true,"_links":{"self":[{"href":"https:\/\/tatamsport.com\/fr\/wp-json\/wp\/v2\/pages\/3212","targetHints":{"allow":["GET"]}}],"collection":[{"href":"https:\/\/tatamsport.com\/fr\/wp-json\/wp\/v2\/pages"}],"about":[{"href":"https:\/\/tatamsport.com\/fr\/wp-json\/wp\/v2\/types\/page"}],"author":[{"embeddable":true,"href":"https:\/\/tatamsport.com\/fr\/wp-json\/wp\/v2\/users\/1"}],"replies":[{"embeddable":true,"href":"https:\/\/tatamsport.com\/fr\/wp-json\/wp\/v2\/comments?post=3212"}],"version-history":[{"count":4,"href":"https:\/\/tatamsport.com\/fr\/wp-json\/wp\/v2\/pages\/3212\/revisions"}],"predecessor-version":[{"id":3334,"href":"https:\/\/tatamsport.com\/fr\/wp-json\/wp\/v2\/pages\/3212\/revisions\/3334"}],"wp:attachment":[{"href":"https:\/\/tatamsport.com\/fr\/wp-json\/wp\/v2\/media?parent=3212"}],"curies":[{"name":"wp","href":"https:\/\/api.w.org\/{rel}","templated":true}]}}