{"id":3921,"date":"2021-04-12T11:31:06","date_gmt":"2021-04-12T10:31:06","guid":{"rendered":"https:\/\/tatamsport.com\/?page_id=3921"},"modified":"2021-04-12T11:47:40","modified_gmt":"2021-04-12T10:47:40","slug":"rechtsmitteilung","status":"publish","type":"page","link":"https:\/\/tatamsport.com\/de\/rechtsmitteilung\/","title":{"rendered":"Rechtsmitteilung"},"content":{"rendered":"\t\t<div data-elementor-type=\"wp-page\" data-elementor-id=\"3921\" class=\"elementor elementor-3921 elementor-86\" data-elementor-post-type=\"page\">\n\t\t\t\t\t\t<section class=\"elementor-section elementor-top-section elementor-element elementor-element-fd88ffd elementor-section-boxed elementor-section-height-default elementor-section-height-default parallax_section_no qode_elementor_container_no\" data-id=\"fd88ffd\" data-element_type=\"section\">\n\t\t\t\t\t\t<div class=\"elementor-container elementor-column-gap-default\">\n\t\t\t\t\t<div class=\"elementor-column elementor-col-100 elementor-top-column elementor-element elementor-element-25d051c\" data-id=\"25d051c\" data-element_type=\"column\">\n\t\t\t<div class=\"elementor-widget-wrap elementor-element-populated\">\n\t\t\t\t\t\t<div class=\"elementor-element elementor-element-51ebf11 elementor-widget elementor-widget-spacer\" data-id=\"51ebf11\" data-element_type=\"widget\" data-widget_type=\"spacer.default\">\n\t\t\t\t<div class=\"elementor-widget-container\">\n\t\t\t\t\t\t\t<div class=\"elementor-spacer\">\n\t\t\t<div class=\"elementor-spacer-inner\"><\/div>\n\t\t<\/div>\n\t\t\t\t\t\t<\/div>\n\t\t\t\t<\/div>\n\t\t\t\t<div class=\"elementor-element elementor-element-918159c elementor-widget elementor-widget-heading\" data-id=\"918159c\" data-element_type=\"widget\" data-widget_type=\"heading.default\">\n\t\t\t\t<div class=\"elementor-widget-container\">\n\t\t\t\t\t<h2 class=\"elementor-heading-title elementor-size-default\">RECHTSMITTEILUNG<\/h2>\t\t\t\t<\/div>\n\t\t\t\t<\/div>\n\t\t\t\t<div class=\"elementor-element elementor-element-70370d54 elementor-widget elementor-widget-text-editor\" data-id=\"70370d54\" data-element_type=\"widget\" data-widget_type=\"text-editor.default\">\n\t\t\t\t<div class=\"elementor-widget-container\">\n\t\t\t\t\t\t\t\t\t<p>Gem\u00e4\u00df des spanischen Gesetzes 34\/2002 vom 11. Juli \u00fcber Dienstleistungen im Rahmen der Informationsgesellschaft und des elektronischen Handels (LSSI + CE), Art. 10, informieren wir unsere Nutzer von den folgenden Umst\u00e4nden:<\/p><p>Der Eigent\u00fcmer der Seite <strong>www.tatamsport.com<\/strong> ist<span style=\"font-weight: normal;\">:<\/span><\/p><p>\u00a0<\/p><h4><span style=\"color: #f58c00;\"><strong>Bezeichnung des Unternehmens:<\/strong><\/span><\/h4><p><strong>TOLDOS SERRANO S.L.<\/strong><br \/><strong>Steuernummer:<\/strong> B50055508<br \/><strong>Sitz:<\/strong> Carretera Cogullada, 40, 50014 de Zaragoza (ZARAGOZA) SPANIEN<br \/><strong>Tel.:<\/strong> (+34) 976472222<br \/><strong>E-Mail:<\/strong> <a href=\"mailto:contabilidad@toldosserrano.com\">contabilidad@toldosserrano.com<\/a><br \/><strong>Handelsregisterdaten:<\/strong> Eingetragen im Handelsregister von Zaragoza, Band 358, Gral. 230, Sec. 3, Folium 141, Blatt 5.268<\/p><p>Das Original der vorliegenden Rechtsmitteilung ist in spanischer Sprache verfasst.<\/p><p>\u00a0<\/p><h4><span style=\"color: #f58c00;\">Nutzerdaten<\/span><\/h4><p>Die vom Nutzer bereitgestellten Informationen und pers\u00f6nlichen Daten werden gem\u00e4\u00df der Bestimmungen der Datenschutzrichtlinie behandelt.Der Benutzer erkl\u00e4rt, dass alle von ihm bereitgestellten Informationen und Daten korrekt und richtig sind.<\/p><p>\u00a0<\/p><h4><span style=\"color: #f58c00;\"><strong>Datenschutz und Schutz personenbezogener Daten<\/strong><\/span><\/h4><p><strong>TOLDOS SERRANO S.L.<\/strong>erf\u00fcllt die durch die Verordnung zum Schutz nat\u00fcrlicher Personen bei der Verarbeitung personenbezogener Daten (EU 2016\/679) und durch alle weiteren anwendbaren Normen festgelegten Regelungen und gew\u00e4hrleistet die korrekte Nutzung und Verarbeitung der personenbezogenen Daten der Nutzer.<\/p><p>\u00a0<\/p><p>Im Rahmen von Formularen zur \u00dcbermittlung personenbezogener Daten wird der Nutzer \u00fcber das Vorhandensein und die Annahme der jeweiligen Bedingungen zur Verarbeitung seiner Daten informiert. Er wird dar\u00fcber informiert, wer f\u00fcr die Verarbeitung der Daten verantwortlich ist, wie die Adresse dieser Partei lautet und auf welche Weise es dem Nutzer m\u00f6glich ist, seine Rechte auf Zugang, Berichtigung, L\u00f6schung, Widerspruch, Einschr\u00e4nkung und \u00dcbertragbarkeit seiner Daten auszu\u00fcben. Dar\u00fcber hinaus wird der Nutzer \u00fcber den Zweck der Verarbeitung und gegebenenfalls die Weitergabe von Daten an Dritte informiert.<\/p><p>\u00a0<\/p><p>Der Urheber der Website, <strong>TOLDOS SERRANO S.L.<\/strong> erkl\u00e4rt hiermit, dass diese dem Gesetz 34\/2002 vom 11. Juli \u00fcber Dienstleistungen im Rahmen der Informationsgesellschaft und des elektronischen Handels entspricht, und fordert den Nutzer zu seiner Zustimmung zur Verarbeitung seiner E-Mail f\u00fcr kommerzielle Zwecke auf.<\/p><p>\u00a0<\/p><h4><span style=\"color: #f58c00;\"><strong>Minderj\u00e4hrige<\/strong><\/span><\/h4><p>Der Inhalt der Website richtet sich an vollj\u00e4hrige Personen.Es ist nicht das Ziel von <strong>TOLDOS SERRANO S.L.<\/strong>. Daten von Minderj\u00e4hrigen zu erfassen.Wird festgestellt, dass sich in einer Datei personenbezogene Daten eines Minderj\u00e4hrigen befinden, l\u00f6scht <strong>TOLDOS SERRANO S.L.<\/strong> diese.<\/p><p>\u00a0<\/p><h4><span style=\"color: #f58c00;\"><strong>Pflichten des Nutzers<\/strong><\/span><\/h4><p>Der Nutzer muss die auf der Website festgelegten Bedingungen jederzeit einhalten.<\/p><p><br \/>Der Nutzer verpflichtet sich zur sorgf\u00e4ltigen Nutzung der Website und \u00fcbernimmt die Haftung f\u00fcr Verst\u00f6\u00dfe gegen die Nutzungsbedingungen der Website.<\/p><p>\u00a0<\/p><p>Der Nutzer darf die Website nicht zur \u00dcbertragung, zum Speichern, zur Verbreitung oder zur Verteilung von Daten oder Inhalten nutzen, die Viren oder andere Computercodes, Dateien oder Programme enthalten, deren Zweck es ist, den Betrieb von Computerprogrammen, von Computerger\u00e4ten oder die Telekommunikation zu unterbrechen, zu zerst\u00f6ren oder zu beeintr\u00e4chtigen.<\/p><p>\u00a0<\/p><h4><span style=\"color: #f58c00;\"><strong>Industrielles und geistiges Eigentum<\/strong><\/span><\/h4><p><strong>TOLDOS SERRANO S.L.<\/strong> ist alleiniger bzw. als Rechtsnachfolger Eigent\u00fcmer aller geistigen und gewerblichen Schutzrechte dieser Website sowie der darin enthaltenen Elemente (z. B. Bilder, Ton, Audio, Video, Software oder Texte, Marken und Logos, Farbkombinationen, Struktur und Design, die Auswahl der verwendeten Materialien, f\u00fcr den Betrieb erforderliche Computerprogramme usw.)<\/p><p>\u00a0<\/p><p>Gem\u00e4\u00df der Bestimmungen des Gesetzes \u00fcber geistiges Eigentum, Artikel 8 und 32.1, Absatz 2, ist die vollst\u00e4ndige oder teilweise Wiedergabe und Verbreitung der Inhalte dieser Website f\u00fcr kommerzielle Zwecke ohne Ber\u00fccksichtigung der daf\u00fcr genutzten Methoden und technischen Mittel ohne die vorhergehende Genehmigung seitens<br \/><strong>TOLDOS SERRANO S.L.<\/strong> untersagt.Alle Rechte vorbehalten.<\/p><p>\u00a0<\/p><p>Der NUTZER verpflichtet sich, die Rechte \u00fcber das geistige und gewerbliche Eigentum des Unternehmens <strong>TOLDOS SERRANO S.L.<\/strong> zu respektieren.Der Nutzer darf Elemente des Portals anzeigen. Sofern dies ausschlie\u00dflich f\u00fcr private Zwecke und zum privaten Gebrauch erfolgt, darf der Nutzer die Elemente des Portals dar\u00fcber hinaus drucken, kopieren und auf der Festplatte seines Rechners oder auf einem anderen physischen Medium speichern.Der NUTZER darf keine Schutzvorrichtungen oder Sicherheitssysteme l\u00f6schen, \u00e4ndern, umgehen oder manipulieren, die auf der Website von <strong>TOLDOS SERRANO S.L.<\/strong> installiert sind.<\/p><p>\u00a0<\/p><h4><span style=\"color: #f58c00;\"><strong>Ausschlussrecht<\/strong><\/span><\/h4><p><strong>TOLDOS SERRANO S.L.<\/strong> beh\u00e4lt sich das Recht vor, Nutzern, die gegen die Nutzungsbedingungen des Portals versto\u00dfen, den Zugang zum Portal und \/ oder den angebotenen Diensten ohne vorherige Ank\u00fcndigung auf eigenen Wunsch oder auf Betreiben Dritter zu verweigern oder zu entziehen.<\/p><p>\u00a0<\/p><p><strong>TOLDOS SERRANO S.L.<\/strong> kann bei Verst\u00f6\u00dfen gegen die Nutzungsbedingungen des Portals sowie bei missbr\u00e4uchlicher Nutzungen des Portals zivil- und strafrechtliche und gesetzliche Ma\u00dfnahmen ergreifen.<\/p><p>\u00a0<\/p><h4><span style=\"color: #f58c00;\"><strong>\u00c4nderungen und Links<\/strong><\/span><\/h4><p><strong>TOLDOS SERRANO S.L.<\/strong> beh\u00e4lt sich das Recht vor, die auf der Website als angemessen erachteten \u00c4nderungen ohne vorherige Ank\u00fcndigung vorzunehmen. Das Unternehmen beh\u00e4lt sich das Recht vor, die bereitgestellten Inhalte und Dienste, die hier festgelegten Allgemeinen Vertragsbedingungen sowie deren Pr\u00e4sentation und Lokalisierung zu \u00e4ndern, zu l\u00f6schen oder zu erweitern.<\/p><p>\u00a0<\/p><p><strong>TOLDOS SERRANO S.L.<\/strong> haftet nicht f\u00fcr den Missbrauch der Inhalte seiner Website. In solchen F\u00e4llen liegt die Haftung bei Personen, die auf die Inhalte zugreifen bzw. sie nutzen.<\/p><p>\u00a0<\/p><p>Enth\u00e4lt www.toldosserrano.com Links oder Hyperlinks zu Webseiten Dritter, \u00fcbt der Urheber der Website, <strong>TOLDOS SERRANO S.L.<\/strong> keinerlei Kontrolle \u00fcber diese Websites und Inhalte Dritter aus.In keinem Fall \u00fcbernimmt der Urheber der Website, <strong>TOLDOS SERRANO S.L.<\/strong> die Verantwortung f\u00fcr den Inhalt von Links auf Websites Dritter. Das Unternehmen gew\u00e4hrleistet die technische Verf\u00fcgbarkeit, Qualit\u00e4t, Zuverl\u00e4ssigkeit, Genauigkeit, Vollst\u00e4ndigkeit, Richtigkeit, G\u00fcltigkeit und Gesetzlichkeit von Information und Websites Dritter, die per Hyperlink verbunden sind, nicht.Die Erstellung von Hyperlinks ist in keinster Weise Ausdruck eines Zusammenschlusses, einer Kooperation oder einer Beteiligung an den Websites Dritter.<\/p><p>\u00a0<\/p><h4><span style=\"color: #f58c00;\"><strong>Anwendbares Recht und zust\u00e4ndige Gerichtsbarkeit<\/strong><\/span><\/h4><p>Die in dieser Rechtsmitteilung enthaltenen Nutzungsbedingungen f\u00fcr die Website sowie die Beziehungen zwischen dem Nutzer und <strong>TOLDOS SERRANO S.L.<\/strong>, werden gem\u00e4\u00df spanischem Recht geregelt und ausgelegt.Zur L\u00f6sung von eventuell auftretenden Konflikten unterwerfen sich der Nutzer und <strong>TOLDOS SERRANO S.L.<\/strong> ausdr\u00fccklich der Zust\u00e4ndigkeit der Gerichte der Stadt ZARAGOZA und verzichten ausdr\u00fccklich auf jede andere Zust\u00e4ndigkeit.<\/p>\t\t\t\t\t\t\t\t<\/div>\n\t\t\t\t<\/div>\n\t\t\t\t<div class=\"elementor-element elementor-element-ee5d6c2 elementor-widget elementor-widget-spacer\" data-id=\"ee5d6c2\" data-element_type=\"widget\" data-widget_type=\"spacer.default\">\n\t\t\t\t<div class=\"elementor-widget-container\">\n\t\t\t\t\t\t\t<div class=\"elementor-spacer\">\n\t\t\t<div class=\"elementor-spacer-inner\"><\/div>\n\t\t<\/div>\n\t\t\t\t\t\t<\/div>\n\t\t\t\t<\/div>\n\t\t\t\t\t<\/div>\n\t\t<\/div>\n\t\t\t\t\t<\/div>\n\t\t<\/section>\n\t\t\t\t<\/div>\n\t\t","protected":false},"excerpt":{"rendered":"<p>RECHTSMITTEILUNG Gem\u00e4\u00df des spanischen Gesetzes 34\/2002 vom 11. Juli \u00fcber Dienstleistungen im Rahmen der Informationsgesellschaft und des elektronischen Handels (LSSI + CE), Art. 10, informieren wir unsere Nutzer von den folgenden Umst\u00e4nden: Der Eigent\u00fcmer der Seite www.tatamsport.com ist: \u00a0 Bezeichnung des Unternehmens: TOLDOS SERRANO S.L.Steuernummer:&#8230;<\/p>\n","protected":false},"author":1,"featured_media":0,"parent":0,"menu_order":99,"comment_status":"closed","ping_status":"closed","template":"","meta":{"footnotes":""},"class_list":["post-3921","page","type-page","status-publish","hentry"],"yoast_head":"<!-- This site is optimized with the Yoast SEO plugin v24.8.1 - https:\/\/yoast.com\/wordpress\/plugins\/seo\/ -->\n<title>Rechtsmitteilung &#8212; Tatamsport<\/title>\n<meta name=\"robots\" content=\"index, follow, max-snippet:-1, max-image-preview:large, max-video-preview:-1\" \/>\n<link rel=\"canonical\" href=\"https:\/\/tatamsport.com\/aviso-legal\/\" \/>\n<meta property=\"og:locale\" content=\"de_DE\" \/>\n<meta property=\"og:type\" content=\"article\" \/>\n<meta property=\"og:title\" content=\"Rechtsmitteilung &#8212; Tatamsport\" \/>\n<meta property=\"og:description\" content=\"RECHTSMITTEILUNG Gem\u00e4\u00df des spanischen Gesetzes 34\/2002 vom 11. Juli \u00fcber Dienstleistungen im Rahmen der Informationsgesellschaft und des elektronischen Handels (LSSI + CE), Art. 10, informieren wir unsere Nutzer von den folgenden Umst\u00e4nden: Der Eigent\u00fcmer der Seite www.tatamsport.com ist: \u00a0 Bezeichnung des Unternehmens: TOLDOS SERRANO S.L.Steuernummer:...\" \/>\n<meta property=\"og:url\" content=\"https:\/\/tatamsport.com\/aviso-legal\/\" \/>\n<meta property=\"og:site_name\" content=\"Tatamsport\" \/>\n<meta property=\"article:modified_time\" content=\"2021-04-12T10:47:40+00:00\" \/>\n<meta name=\"twitter:card\" content=\"summary_large_image\" \/>\n<meta name=\"twitter:label1\" content=\"Gesch\u00e4tzte Lesezeit\" \/>\n\t<meta name=\"twitter:data1\" content=\"5\u00a0Minuten\" \/>\n<script type=\"application\/ld+json\" class=\"yoast-schema-graph\">{\"@context\":\"https:\/\/schema.org\",\"@graph\":[{\"@type\":\"WebPage\",\"@id\":\"https:\/\/tatamsport.com\/aviso-legal\/\",\"url\":\"https:\/\/tatamsport.com\/aviso-legal\/\",\"name\":\"Rechtsmitteilung &#8212; Tatamsport\",\"isPartOf\":{\"@id\":\"https:\/\/tatamsport.com\/#website\"},\"datePublished\":\"2021-04-12T10:31:06+00:00\",\"dateModified\":\"2021-04-12T10:47:40+00:00\",\"breadcrumb\":{\"@id\":\"https:\/\/tatamsport.com\/aviso-legal\/#breadcrumb\"},\"inLanguage\":\"de\",\"potentialAction\":[{\"@type\":\"ReadAction\",\"target\":[\"https:\/\/tatamsport.com\/aviso-legal\/\"]}]},{\"@type\":\"BreadcrumbList\",\"@id\":\"https:\/\/tatamsport.com\/aviso-legal\/#breadcrumb\",\"itemListElement\":[{\"@type\":\"ListItem\",\"position\":1,\"name\":\"Inicio\",\"item\":\"https:\/\/tatamsport.com\/\"},{\"@type\":\"ListItem\",\"position\":2,\"name\":\"Rechtsmitteilung\"}]},{\"@type\":\"WebSite\",\"@id\":\"https:\/\/tatamsport.com\/#website\",\"url\":\"https:\/\/tatamsport.com\/\",\"name\":\"Tatamsport\",\"description\":\"Tu aliado en equipamiento deportivo\",\"publisher\":{\"@id\":\"https:\/\/tatamsport.com\/#organization\"},\"potentialAction\":[{\"@type\":\"SearchAction\",\"target\":{\"@type\":\"EntryPoint\",\"urlTemplate\":\"https:\/\/tatamsport.com\/?s={search_term_string}\"},\"query-input\":{\"@type\":\"PropertyValueSpecification\",\"valueRequired\":true,\"valueName\":\"search_term_string\"}}],\"inLanguage\":\"de\"},{\"@type\":\"Organization\",\"@id\":\"https:\/\/tatamsport.com\/#organization\",\"name\":\"TatamSport\",\"url\":\"https:\/\/tatamsport.com\/\",\"logo\":{\"@type\":\"ImageObject\",\"inLanguage\":\"de\",\"@id\":\"https:\/\/tatamsport.com\/#\/schema\/logo\/image\/\",\"url\":\"https:\/\/tatamsport.com\/wp-content\/uploads\/2021\/01\/logo-en-tatam.png\",\"contentUrl\":\"https:\/\/tatamsport.com\/wp-content\/uploads\/2021\/01\/logo-en-tatam.png\",\"width\":264,\"height\":62,\"caption\":\"TatamSport\"},\"image\":{\"@id\":\"https:\/\/tatamsport.com\/#\/schema\/logo\/image\/\"}}]}<\/script>\n<!-- \/ Yoast SEO plugin. -->","yoast_head_json":{"title":"Rechtsmitteilung &#8212; Tatamsport","robots":{"index":"index","follow":"follow","max-snippet":"max-snippet:-1","max-image-preview":"max-image-preview:large","max-video-preview":"max-video-preview:-1"},"canonical":"https:\/\/tatamsport.com\/aviso-legal\/","og_locale":"de_DE","og_type":"article","og_title":"Rechtsmitteilung &#8212; Tatamsport","og_description":"RECHTSMITTEILUNG Gem\u00e4\u00df des spanischen Gesetzes 34\/2002 vom 11. Juli \u00fcber Dienstleistungen im Rahmen der Informationsgesellschaft und des elektronischen Handels (LSSI + CE), Art. 10, informieren wir unsere Nutzer von den folgenden Umst\u00e4nden: Der Eigent\u00fcmer der Seite www.tatamsport.com ist: \u00a0 Bezeichnung des Unternehmens: TOLDOS SERRANO S.L.Steuernummer:...","og_url":"https:\/\/tatamsport.com\/aviso-legal\/","og_site_name":"Tatamsport","article_modified_time":"2021-04-12T10:47:40+00:00","twitter_card":"summary_large_image","twitter_misc":{"Gesch\u00e4tzte Lesezeit":"5\u00a0Minuten"},"schema":{"@context":"https:\/\/schema.org","@graph":[{"@type":"WebPage","@id":"https:\/\/tatamsport.com\/aviso-legal\/","url":"https:\/\/tatamsport.com\/aviso-legal\/","name":"Rechtsmitteilung &#8212; Tatamsport","isPartOf":{"@id":"https:\/\/tatamsport.com\/#website"},"datePublished":"2021-04-12T10:31:06+00:00","dateModified":"2021-04-12T10:47:40+00:00","breadcrumb":{"@id":"https:\/\/tatamsport.com\/aviso-legal\/#breadcrumb"},"inLanguage":"de","potentialAction":[{"@type":"ReadAction","target":["https:\/\/tatamsport.com\/aviso-legal\/"]}]},{"@type":"BreadcrumbList","@id":"https:\/\/tatamsport.com\/aviso-legal\/#breadcrumb","itemListElement":[{"@type":"ListItem","position":1,"name":"Inicio","item":"https:\/\/tatamsport.com\/"},{"@type":"ListItem","position":2,"name":"Rechtsmitteilung"}]},{"@type":"WebSite","@id":"https:\/\/tatamsport.com\/#website","url":"https:\/\/tatamsport.com\/","name":"Tatamsport","description":"Tu aliado en equipamiento deportivo","publisher":{"@id":"https:\/\/tatamsport.com\/#organization"},"potentialAction":[{"@type":"SearchAction","target":{"@type":"EntryPoint","urlTemplate":"https:\/\/tatamsport.com\/?s={search_term_string}"},"query-input":{"@type":"PropertyValueSpecification","valueRequired":true,"valueName":"search_term_string"}}],"inLanguage":"de"},{"@type":"Organization","@id":"https:\/\/tatamsport.com\/#organization","name":"TatamSport","url":"https:\/\/tatamsport.com\/","logo":{"@type":"ImageObject","inLanguage":"de","@id":"https:\/\/tatamsport.com\/#\/schema\/logo\/image\/","url":"https:\/\/tatamsport.com\/wp-content\/uploads\/2021\/01\/logo-en-tatam.png","contentUrl":"https:\/\/tatamsport.com\/wp-content\/uploads\/2021\/01\/logo-en-tatam.png","width":264,"height":62,"caption":"TatamSport"},"image":{"@id":"https:\/\/tatamsport.com\/#\/schema\/logo\/image\/"}}]}},"jetpack_sharing_enabled":true,"_links":{"self":[{"href":"https:\/\/tatamsport.com\/de\/wp-json\/wp\/v2\/pages\/3921","targetHints":{"allow":["GET"]}}],"collection":[{"href":"https:\/\/tatamsport.com\/de\/wp-json\/wp\/v2\/pages"}],"about":[{"href":"https:\/\/tatamsport.com\/de\/wp-json\/wp\/v2\/types\/page"}],"author":[{"embeddable":true,"href":"https:\/\/tatamsport.com\/de\/wp-json\/wp\/v2\/users\/1"}],"replies":[{"embeddable":true,"href":"https:\/\/tatamsport.com\/de\/wp-json\/wp\/v2\/comments?post=3921"}],"version-history":[{"count":2,"href":"https:\/\/tatamsport.com\/de\/wp-json\/wp\/v2\/pages\/3921\/revisions"}],"predecessor-version":[{"id":3923,"href":"https:\/\/tatamsport.com\/de\/wp-json\/wp\/v2\/pages\/3921\/revisions\/3923"}],"wp:attachment":[{"href":"https:\/\/tatamsport.com\/de\/wp-json\/wp\/v2\/media?parent=3921"}],"curies":[{"name":"wp","href":"https:\/\/api.w.org\/{rel}","templated":true}]}}