{"id":3917,"date":"2021-04-12T11:24:20","date_gmt":"2021-04-12T10:24:20","guid":{"rendered":"https:\/\/tatamsport.com\/?page_id=3917"},"modified":"2021-04-12T11:26:04","modified_gmt":"2021-04-12T10:26:04","slug":"cookie-richtlinie","status":"publish","type":"page","link":"https:\/\/tatamsport.com\/de\/cookie-richtlinie\/","title":{"rendered":"Cookie-Richtlinie"},"content":{"rendered":"\t\t<div data-elementor-type=\"wp-page\" data-elementor-id=\"3917\" class=\"elementor elementor-3917 elementor-93\" data-elementor-post-type=\"page\">\n\t\t\t\t\t\t<section class=\"elementor-section elementor-top-section elementor-element elementor-element-1cf417b elementor-section-boxed elementor-section-height-default elementor-section-height-default parallax_section_no qode_elementor_container_no\" data-id=\"1cf417b\" data-element_type=\"section\">\n\t\t\t\t\t\t<div class=\"elementor-container elementor-column-gap-default\">\n\t\t\t\t\t<div class=\"elementor-column elementor-col-100 elementor-top-column elementor-element elementor-element-af02a9f\" data-id=\"af02a9f\" data-element_type=\"column\">\n\t\t\t<div class=\"elementor-widget-wrap elementor-element-populated\">\n\t\t\t\t\t\t<div class=\"elementor-element elementor-element-22e546e elementor-widget elementor-widget-spacer\" data-id=\"22e546e\" data-element_type=\"widget\" data-widget_type=\"spacer.default\">\n\t\t\t\t<div class=\"elementor-widget-container\">\n\t\t\t\t\t\t\t<div class=\"elementor-spacer\">\n\t\t\t<div class=\"elementor-spacer-inner\"><\/div>\n\t\t<\/div>\n\t\t\t\t\t\t<\/div>\n\t\t\t\t<\/div>\n\t\t\t\t<div class=\"elementor-element elementor-element-5956bdd elementor-widget elementor-widget-heading\" data-id=\"5956bdd\" data-element_type=\"widget\" data-widget_type=\"heading.default\">\n\t\t\t\t<div class=\"elementor-widget-container\">\n\t\t\t\t\t<h2 class=\"elementor-heading-title elementor-size-default\">COOKIE-RICHTLINIE<\/h2>\t\t\t\t<\/div>\n\t\t\t\t<\/div>\n\t\t\t\t<div class=\"elementor-element elementor-element-d6e75b9 elementor-widget elementor-widget-text-editor\" data-id=\"d6e75b9\" data-element_type=\"widget\" data-widget_type=\"text-editor.default\">\n\t\t\t\t<div class=\"elementor-widget-container\">\n\t\t\t\t\t\t\t\t\t<p><span style=\"color: #f58c00;\">1.- GRUNDLAGE.<\/span><\/p><p>In \u00dcbereinstimmung mit den spanischen Regelungen zur Nutzung von Cookies, informieren wir unsere Nutzer davon, dass auf dieser Website Cookies eingesetzt werden.<\/p><p>\u00a0<\/p><p><span style=\"color: #f58c00;\">2.- WAS SIND COOKIES?<\/span><\/p><p>Ein Cookie ist eine Datei, die beim Zugriff auf eine Webseite auf den Rechner des Nutzers heruntergeladen wird.Cookies erm\u00f6glichen unter anderem das Speichern und Abrufen von Informationen \u00fcber die Surfgewohnheiten von Nutzern und dienen zur Anpassung der gezeigten Inhalte.<\/p><p>\u00a0<\/p><p><span style=\"color: #f58c00;\">3.- ARTEN VON COOKIES.<\/span><\/p><p>Cookies k\u00f6nnen nach den folgenden Gesichtspunkten klassifiziert werden:<\/p><p><strong>Klassifizierung nach dem Verwalter:<\/strong><\/p><ol><li><strong> Cookies des Unternehmens:<\/strong> Cookies, die von einem Rechner, den der Urheber der Webseite verwaltetet, oder von der Domain, von der aus die vom Nutzer angeforderten Dienste erbracht werden, auf den Rechner des Nutzers \u00fcbermittelt werden.<\/li><li><strong>Cookies von Drittanbietern:<\/strong> Cookies, die nicht von einem Rechner oder einer Domain, den\/die der Urheber der Webseite verwaltetet, auf den Rechner des Nutzers \u00fcbermittelt werden, sondern von einem Drittanbieter, der die unter Einsatz der Cookies ermittelten Daten verarbeitet.<\/li><\/ol><div>\u00a0<\/div><div>\u00a0<\/div><div>\u00a0<strong>Klassifizierung nach dem Zweck:<\/strong><\/div><ol><li><strong> Technische Cookies:<\/strong> Cookies, die dem Nutzer die Navigation auf Websites, Plattformen oder Anwendungen und die Nutzung der dort enthaltenen Optionen oder Dienste erlauben. Dazu z\u00e4hlen Cookies, die der Urheber der Website zur Verwaltung und zum Betrieb der Webseite sowie zur Aktivierung von Funktionen und Diensten nutzt.<\/li><li><strong>Pr\u00e4ferenz- und Personalisierungs-Cookies:<\/strong> Cookies zum Speichern von Informationen aufgrund derer dem Nutzer die Website auf bestimmte, im Vergleich zu anderen Nutzern unterschiedliche Weise dargestellt wird.<\/li><li><strong>Cookies f\u00fcr Analyse und Messung:<\/strong> Cookies, die es den f\u00fcr sie verantwortlichen Personen erm\u00f6glichen, das Verhalten der Nutzer der Website zu \u00fcberwachen und zu analysieren.<\/li><li><strong>Cookies f\u00fcr verhaltensbasierte Werbung:<\/strong> Cookies zur m\u00f6glichst effizienten Verwaltung der Werbefl\u00e4chen, die der Urheber ggf. auf der Website, Anwendung oder Plattform vorgesehen hat.Solche Cookies speichern Informationen \u00fcber das Verhalten von Nutzern, die durch die kontinuierliche Beobachtung der Surfgewohnheiten ermittelt wurden. Aufgrund dieser Informationen werden Profile entwickelt, die dazu dienen, Werbung einzuschalten.Beim Besuch einer Webseite oder beim \u00d6ffnen einer E-Mail mit einer Werbung oder Verkaufsf\u00f6rderung f\u00fcr unsere Produkte oder Dienstleistungen, kann ein Cookie in Browser des Nutzers installiert werden, mit dessen Hilfe wir ihm sp\u00e4ter Werbung im Zusammenhang mit seiner Suche anzeigen, und Parameter wie die Anzeigefrequenz, den Standort der Anzeige und die Anzeigezeit steuern k\u00f6nnen.<\/li><\/ol><div>\u00a0<\/div><div>\u00a0<\/div><div>\u00a0<strong>Klassifizierung nach dem Aktivit\u00e4tszeitraum: <\/strong><\/div><ol><li><strong>Session-Cookies: <\/strong> Cookies, mit denen Daten gesammelt und gespeichert werden, w\u00e4hrend der Nutzer auf eine Webseite zugreift.Solche Cookies dienen zur Speicherung von Informationen, die zur einmaligen Bereitstellung des vom Nutzer angeforderten Dienstes dienen, und werden am Ende der Sitzung gel\u00f6scht.<\/li><li><strong>Permanente Cookies: <\/strong> Cookies, mittels derer innerhalb eines gewissen Zeitraums Daten auf dem Rechner gesammelt, abgerufen und verarbeitet werden k\u00f6nnen. Die G\u00fcltigkeit solcher Cookies reicht von wenigen Minuten bis zu mehreren Jahren.<\/li><\/ol><div>\u00a0<\/div><div>\u00a0<\/div><div>\u00a0<span style=\"color: #f58c00;\">4.- ARTEN VON COOKIES, DIE AUF DIESER WEBSITE GENUTZT WERDEN<\/span><\/div><p>Die Website des Unternehmens nutzt die folgenden Cookies:<\/p>\t\t\t\t\t\t\t\t<\/div>\n\t\t\t\t<\/div>\n\t\t\t\t<div class=\"elementor-element elementor-element-316be5c elementor-widget elementor-widget-text-editor\" data-id=\"316be5c\" data-element_type=\"widget\" data-widget_type=\"text-editor.default\">\n\t\t\t\t<div class=\"elementor-widget-container\">\n\t\t\t\t\t\t\t\t\t<table width=\"100%\">\n<tbody>\n<tr>\n<td style=\"text-align: center;\" width=\"80\"><strong>Name<\/strong><\/td>\n<td style=\"text-align: center;\" width=\"68\"><strong>Eigentum<\/strong><\/td>\n<td style=\"text-align: center;\" width=\"113\"><strong>Typ<\/strong><\/td>\n<td style=\"text-align: center;\" width=\"104\"><strong>Verfallsdatum<\/strong><\/td>\n<td style=\"text-align: center;\" width=\"226\"><strong>Zweck<\/strong><\/td>\n<td style=\"text-align: center;\" width=\"121\"><strong>\u00a0Gesammelte Datens<\/strong><\/td>\n<\/tr>\n<tr>\n<td width=\"80\"><\/td>\n<td width=\"68\"><\/td>\n<td width=\"113\"><\/td>\n<td width=\"104\"><\/td>\n<td width=\"226\"><\/td>\n<td width=\"121\"><\/td>\n<\/tr>\n<tr>\n<td width=\"80\"><\/td>\n<td width=\"68\"><\/td>\n<td width=\"113\"><\/td>\n<td width=\"104\"><\/td>\n<td width=\"226\"><\/td>\n<td width=\"121\"><\/td>\n<\/tr>\n<tr>\n<td width=\"80\"><\/td>\n<td width=\"68\"><\/td>\n<td width=\"113\"><\/td>\n<td width=\"104\"><\/td>\n<td width=\"226\"><\/td>\n<td width=\"121\"><\/td>\n<\/tr>\n<\/tbody>\n<\/table>\t\t\t\t\t\t\t\t<\/div>\n\t\t\t\t<\/div>\n\t\t\t\t<div class=\"elementor-element elementor-element-db82a01 elementor-widget elementor-widget-text-editor\" data-id=\"db82a01\" data-element_type=\"widget\" data-widget_type=\"text-editor.default\">\n\t\t\t\t<div class=\"elementor-widget-container\">\n\t\t\t\t\t\t\t\t\t<p><span style=\"color: #f58c00;\">5.- WIDERRUF GEGEN COOKIES UND DEREN L\u00d6SCHUNG<\/span><\/p><p>Beim ersten Zugriff auf die Website kann der Nutzer unsere Cookies akzeptieren oder ablehnen. Dazu kann der Nutzer in einer \u00dcbersichtstabelle die gew\u00fcnschten Cookies akzeptieren und ablehnen. Ausgenommen davon sind technische Cookies, f\u00fcr die keine Zustimmung des Nutzers erforderlich ist.Der Nutzer kann die Einstellungen jederzeit durch Zugriff auf das Konfigurationsfenster \u00e4ndern.<br \/>Dar\u00fcber hinaus kann der Nutzer die Einstellungen seines Browsers so konfigurieren, dass Cookies eingeschr\u00e4nkt zugelassen, blockiert oder gel\u00f6scht werden. Die Vorgehensweise zur Festlegung der Cookie-Einstellungen ist vom genutzten Browser abh\u00e4ngig:<\/p><p>\u00a0<\/p><p><strong>Google Chrome. <\/strong><a href=\"https:\/\/support.google.com\/chrome\/answer\/95647?hl=de\" target=\"_blank\" rel=\"noopener\">https:\/\/support.google.com\/chrome\/answer\/95647?hl=de<\/a><\/p><p><strong>Microsoft Internet Explorer. <\/strong><a href=\"http:\/\/windows.microsoft.com\/de-de\/internet-explorer\/delete-manage-cookies#ie=ie-9 \" target=\"_blank\" rel=\"noopener\">http:\/\/windows.microsoft.com\/de-de\/internet-explorer\/delete-manage-cookies#ie=ie-9<\/a><\/p><p><strong>Firefox. <\/strong><a href=\"http:\/\/support.mozilla.org\/es\/kb\/cookies-informationen-websites-auf-ihrem-computer\" target=\"_blank\" rel=\"noopener\">http:\/\/support.mozilla.org\/es\/kb\/cookies-informationen-websites-auf-ihrem-computer<\/a><\/p><p><strong>Safari , iPad e iPhone. <\/strong><a href=\"http:\/\/www.apple.com\/ legal\/privacy\/de-ww\/cookies \/\" target=\"_blank\" rel=\"noopener\">http:\/\/www.apple.com\/ legal\/privacy\/de-ww\/cookies\/<\/a><\/p><p><strong>Opera. <\/strong><a href=\"http:\/\/help.opera.com\/Linux\/10.60\/de-DE\/cookies.html\" target=\"_blank\" rel=\"noopener\">http:\/\/help.opera.com\/Linux\/10.60\/de-DE\/cookies.html<\/a><\/p><p>\u00a0<\/p><p><span style=\"color: #f58c00;\">6.- DRITTANBIETER<\/span><br \/>Bei den Drittanbietern, die Dienste unter Einsatz von Cookies f\u00fcr das Unternehmen bereitstellen, handelt es sich um die folgenden:<\/p>\t\t\t\t\t\t\t\t<\/div>\n\t\t\t\t<\/div>\n\t\t\t\t<div class=\"elementor-element elementor-element-029f9ca elementor-widget elementor-widget-text-editor\" data-id=\"029f9ca\" data-element_type=\"widget\" data-widget_type=\"text-editor.default\">\n\t\t\t\t<div class=\"elementor-widget-container\">\n\t\t\t\t\t\t\t\t\t<table width=\"100%\"><tbody><tr><td style=\"text-align: center;\"><strong>Anbieter<\/strong><\/td><td style=\"text-align: center;\"><strong>Zweck des Dienstes und des Cookies<\/strong><\/td><td style=\"text-align: center;\"><strong>Anbieterinformationen<\/strong><\/td><\/tr><tr><td>\u00a0<\/td><td>\u00a0<\/td><td>\u00a0<\/td><\/tr><\/tbody><\/table>\t\t\t\t\t\t\t\t<\/div>\n\t\t\t\t<\/div>\n\t\t\t\t<div class=\"elementor-element elementor-element-c5bac05 elementor-widget elementor-widget-spacer\" data-id=\"c5bac05\" data-element_type=\"widget\" data-widget_type=\"spacer.default\">\n\t\t\t\t<div class=\"elementor-widget-container\">\n\t\t\t\t\t\t\t<div class=\"elementor-spacer\">\n\t\t\t<div class=\"elementor-spacer-inner\"><\/div>\n\t\t<\/div>\n\t\t\t\t\t\t<\/div>\n\t\t\t\t<\/div>\n\t\t\t\t<div class=\"elementor-element elementor-element-c760efa elementor-widget elementor-widget-spacer\" data-id=\"c760efa\" data-element_type=\"widget\" data-widget_type=\"spacer.default\">\n\t\t\t\t<div class=\"elementor-widget-container\">\n\t\t\t\t\t\t\t<div class=\"elementor-spacer\">\n\t\t\t<div class=\"elementor-spacer-inner\"><\/div>\n\t\t<\/div>\n\t\t\t\t\t\t<\/div>\n\t\t\t\t<\/div>\n\t\t\t\t<div class=\"elementor-element elementor-element-115efc6 elementor-widget elementor-widget-spacer\" data-id=\"115efc6\" data-element_type=\"widget\" data-widget_type=\"spacer.default\">\n\t\t\t\t<div class=\"elementor-widget-container\">\n\t\t\t\t\t\t\t<div class=\"elementor-spacer\">\n\t\t\t<div class=\"elementor-spacer-inner\"><\/div>\n\t\t<\/div>\n\t\t\t\t\t\t<\/div>\n\t\t\t\t<\/div>\n\t\t\t\t<div class=\"elementor-element elementor-element-cb85693 elementor-widget elementor-widget-spacer\" data-id=\"cb85693\" data-element_type=\"widget\" data-widget_type=\"spacer.default\">\n\t\t\t\t<div class=\"elementor-widget-container\">\n\t\t\t\t\t\t\t<div class=\"elementor-spacer\">\n\t\t\t<div class=\"elementor-spacer-inner\"><\/div>\n\t\t<\/div>\n\t\t\t\t\t\t<\/div>\n\t\t\t\t<\/div>\n\t\t\t\t\t<\/div>\n\t\t<\/div>\n\t\t\t\t\t<\/div>\n\t\t<\/section>\n\t\t\t\t<\/div>\n\t\t","protected":false},"excerpt":{"rendered":"<p>COOKIE-RICHTLINIE 1.- GRUNDLAGE. In \u00dcbereinstimmung mit den spanischen Regelungen zur Nutzung von Cookies, informieren wir unsere Nutzer davon, dass auf dieser Website Cookies eingesetzt werden. \u00a0 2.- WAS SIND COOKIES? Ein Cookie ist eine Datei, die beim Zugriff auf eine Webseite auf den Rechner des&#8230;<\/p>\n","protected":false},"author":1,"featured_media":0,"parent":0,"menu_order":0,"comment_status":"closed","ping_status":"closed","template":"","meta":{"footnotes":""},"class_list":["post-3917","page","type-page","status-publish","hentry"],"yoast_head":"<!-- This site is optimized with the Yoast SEO plugin v24.8.1 - https:\/\/yoast.com\/wordpress\/plugins\/seo\/ -->\n<title>Cookie-Richtlinie &#8212; Tatamsport<\/title>\n<meta name=\"robots\" content=\"index, follow, max-snippet:-1, max-image-preview:large, max-video-preview:-1\" \/>\n<link rel=\"canonical\" href=\"https:\/\/tatamsport.com\/politica-de-cookies\/\" \/>\n<meta property=\"og:locale\" content=\"de_DE\" \/>\n<meta property=\"og:type\" content=\"article\" \/>\n<meta property=\"og:title\" content=\"Cookie-Richtlinie &#8212; Tatamsport\" \/>\n<meta property=\"og:description\" content=\"COOKIE-RICHTLINIE 1.- GRUNDLAGE. In \u00dcbereinstimmung mit den spanischen Regelungen zur Nutzung von Cookies, informieren wir unsere Nutzer davon, dass auf dieser Website Cookies eingesetzt werden. \u00a0 2.- WAS SIND COOKIES? Ein Cookie ist eine Datei, die beim Zugriff auf eine Webseite auf den Rechner des...\" \/>\n<meta property=\"og:url\" content=\"https:\/\/tatamsport.com\/politica-de-cookies\/\" \/>\n<meta property=\"og:site_name\" content=\"Tatamsport\" \/>\n<meta property=\"article:modified_time\" content=\"2021-04-12T10:26:04+00:00\" \/>\n<meta name=\"twitter:card\" content=\"summary_large_image\" \/>\n<meta name=\"twitter:label1\" content=\"Gesch\u00e4tzte Lesezeit\" \/>\n\t<meta name=\"twitter:data1\" content=\"3\u00a0Minuten\" \/>\n<script type=\"application\/ld+json\" class=\"yoast-schema-graph\">{\"@context\":\"https:\/\/schema.org\",\"@graph\":[{\"@type\":\"WebPage\",\"@id\":\"https:\/\/tatamsport.com\/politica-de-cookies\/\",\"url\":\"https:\/\/tatamsport.com\/politica-de-cookies\/\",\"name\":\"Cookie-Richtlinie &#8212; Tatamsport\",\"isPartOf\":{\"@id\":\"https:\/\/tatamsport.com\/#website\"},\"datePublished\":\"2021-04-12T10:24:20+00:00\",\"dateModified\":\"2021-04-12T10:26:04+00:00\",\"breadcrumb\":{\"@id\":\"https:\/\/tatamsport.com\/politica-de-cookies\/#breadcrumb\"},\"inLanguage\":\"de\",\"potentialAction\":[{\"@type\":\"ReadAction\",\"target\":[\"https:\/\/tatamsport.com\/politica-de-cookies\/\"]}]},{\"@type\":\"BreadcrumbList\",\"@id\":\"https:\/\/tatamsport.com\/politica-de-cookies\/#breadcrumb\",\"itemListElement\":[{\"@type\":\"ListItem\",\"position\":1,\"name\":\"Inicio\",\"item\":\"https:\/\/tatamsport.com\/\"},{\"@type\":\"ListItem\",\"position\":2,\"name\":\"Cookie-Richtlinie\"}]},{\"@type\":\"WebSite\",\"@id\":\"https:\/\/tatamsport.com\/#website\",\"url\":\"https:\/\/tatamsport.com\/\",\"name\":\"Tatamsport\",\"description\":\"Tu aliado en equipamiento deportivo\",\"publisher\":{\"@id\":\"https:\/\/tatamsport.com\/#organization\"},\"potentialAction\":[{\"@type\":\"SearchAction\",\"target\":{\"@type\":\"EntryPoint\",\"urlTemplate\":\"https:\/\/tatamsport.com\/?s={search_term_string}\"},\"query-input\":{\"@type\":\"PropertyValueSpecification\",\"valueRequired\":true,\"valueName\":\"search_term_string\"}}],\"inLanguage\":\"de\"},{\"@type\":\"Organization\",\"@id\":\"https:\/\/tatamsport.com\/#organization\",\"name\":\"TatamSport\",\"url\":\"https:\/\/tatamsport.com\/\",\"logo\":{\"@type\":\"ImageObject\",\"inLanguage\":\"de\",\"@id\":\"https:\/\/tatamsport.com\/#\/schema\/logo\/image\/\",\"url\":\"https:\/\/tatamsport.com\/wp-content\/uploads\/2021\/01\/logo-en-tatam.png\",\"contentUrl\":\"https:\/\/tatamsport.com\/wp-content\/uploads\/2021\/01\/logo-en-tatam.png\",\"width\":264,\"height\":62,\"caption\":\"TatamSport\"},\"image\":{\"@id\":\"https:\/\/tatamsport.com\/#\/schema\/logo\/image\/\"}}]}<\/script>\n<!-- \/ Yoast SEO plugin. -->","yoast_head_json":{"title":"Cookie-Richtlinie &#8212; Tatamsport","robots":{"index":"index","follow":"follow","max-snippet":"max-snippet:-1","max-image-preview":"max-image-preview:large","max-video-preview":"max-video-preview:-1"},"canonical":"https:\/\/tatamsport.com\/politica-de-cookies\/","og_locale":"de_DE","og_type":"article","og_title":"Cookie-Richtlinie &#8212; Tatamsport","og_description":"COOKIE-RICHTLINIE 1.- GRUNDLAGE. In \u00dcbereinstimmung mit den spanischen Regelungen zur Nutzung von Cookies, informieren wir unsere Nutzer davon, dass auf dieser Website Cookies eingesetzt werden. \u00a0 2.- WAS SIND COOKIES? Ein Cookie ist eine Datei, die beim Zugriff auf eine Webseite auf den Rechner des...","og_url":"https:\/\/tatamsport.com\/politica-de-cookies\/","og_site_name":"Tatamsport","article_modified_time":"2021-04-12T10:26:04+00:00","twitter_card":"summary_large_image","twitter_misc":{"Gesch\u00e4tzte Lesezeit":"3\u00a0Minuten"},"schema":{"@context":"https:\/\/schema.org","@graph":[{"@type":"WebPage","@id":"https:\/\/tatamsport.com\/politica-de-cookies\/","url":"https:\/\/tatamsport.com\/politica-de-cookies\/","name":"Cookie-Richtlinie &#8212; Tatamsport","isPartOf":{"@id":"https:\/\/tatamsport.com\/#website"},"datePublished":"2021-04-12T10:24:20+00:00","dateModified":"2021-04-12T10:26:04+00:00","breadcrumb":{"@id":"https:\/\/tatamsport.com\/politica-de-cookies\/#breadcrumb"},"inLanguage":"de","potentialAction":[{"@type":"ReadAction","target":["https:\/\/tatamsport.com\/politica-de-cookies\/"]}]},{"@type":"BreadcrumbList","@id":"https:\/\/tatamsport.com\/politica-de-cookies\/#breadcrumb","itemListElement":[{"@type":"ListItem","position":1,"name":"Inicio","item":"https:\/\/tatamsport.com\/"},{"@type":"ListItem","position":2,"name":"Cookie-Richtlinie"}]},{"@type":"WebSite","@id":"https:\/\/tatamsport.com\/#website","url":"https:\/\/tatamsport.com\/","name":"Tatamsport","description":"Tu aliado en equipamiento deportivo","publisher":{"@id":"https:\/\/tatamsport.com\/#organization"},"potentialAction":[{"@type":"SearchAction","target":{"@type":"EntryPoint","urlTemplate":"https:\/\/tatamsport.com\/?s={search_term_string}"},"query-input":{"@type":"PropertyValueSpecification","valueRequired":true,"valueName":"search_term_string"}}],"inLanguage":"de"},{"@type":"Organization","@id":"https:\/\/tatamsport.com\/#organization","name":"TatamSport","url":"https:\/\/tatamsport.com\/","logo":{"@type":"ImageObject","inLanguage":"de","@id":"https:\/\/tatamsport.com\/#\/schema\/logo\/image\/","url":"https:\/\/tatamsport.com\/wp-content\/uploads\/2021\/01\/logo-en-tatam.png","contentUrl":"https:\/\/tatamsport.com\/wp-content\/uploads\/2021\/01\/logo-en-tatam.png","width":264,"height":62,"caption":"TatamSport"},"image":{"@id":"https:\/\/tatamsport.com\/#\/schema\/logo\/image\/"}}]}},"jetpack_sharing_enabled":true,"_links":{"self":[{"href":"https:\/\/tatamsport.com\/de\/wp-json\/wp\/v2\/pages\/3917","targetHints":{"allow":["GET"]}}],"collection":[{"href":"https:\/\/tatamsport.com\/de\/wp-json\/wp\/v2\/pages"}],"about":[{"href":"https:\/\/tatamsport.com\/de\/wp-json\/wp\/v2\/types\/page"}],"author":[{"embeddable":true,"href":"https:\/\/tatamsport.com\/de\/wp-json\/wp\/v2\/users\/1"}],"replies":[{"embeddable":true,"href":"https:\/\/tatamsport.com\/de\/wp-json\/wp\/v2\/comments?post=3917"}],"version-history":[{"count":2,"href":"https:\/\/tatamsport.com\/de\/wp-json\/wp\/v2\/pages\/3917\/revisions"}],"predecessor-version":[{"id":3920,"href":"https:\/\/tatamsport.com\/de\/wp-json\/wp\/v2\/pages\/3917\/revisions\/3920"}],"wp:attachment":[{"href":"https:\/\/tatamsport.com\/de\/wp-json\/wp\/v2\/media?parent=3917"}],"curies":[{"name":"wp","href":"https:\/\/api.w.org\/{rel}","templated":true}]}}